{"id":2481,"date":"2023-03-30T16:51:58","date_gmt":"2023-03-30T16:51:58","guid":{"rendered":"https:\/\/www.maslakbaski.com\/?post_type=product&#038;p=2481"},"modified":"2023-03-30T16:51:59","modified_gmt":"2023-03-30T16:51:59","slug":"sivama-menu","status":"publish","type":"product","link":"https:\/\/www.maslakbaski.com\/index.php\/urun\/sivama-menu\/","title":{"rendered":"S\u0131vama Men\u00fc"},"content":{"rendered":"<p>Restoranlar i\u00e7in imaj a\u00e7\u0131s\u0131ndan olduk\u00e7a \u00f6nemli olan men\u00fc, m\u00fc\u015fterilere sunulan yemeklerin, i\u00e7eceklerin ve fiyatlar\u0131n listelendi\u011fi bask\u0131 \u00fcr\u00fcn\u00fcd\u00fcr. M\u00fc\u015fteriler, yeme-i\u00e7me mekan\u0131na geldiklerinde ilk olarak men\u00fcy\u00fc g\u00f6r\u00fcp incelerler ve bu nedenle men\u00fc, m\u00fc\u015fteri memnuniyetinde yemek ve i\u00e7ecekler kadar \u00f6nemlidir. Restoranlar ve kafeler, hem men\u00fc tasar\u0131m\u0131na hem de men\u00fc bask\u0131 kalitesine \u00f6nem verirler.<\/p>\n<p>Men\u00fc bask\u0131s\u0131, geni\u015fli\u011fi ve mekan\u0131n tasar\u0131msal tercihine g\u00f6re \u00e7e\u015fitli se\u00e7enekler sunar. Restoranlarda yemek \u00e7e\u015fit say\u0131s\u0131 az ise tek sayfa foreks \u00fczerine ku\u015fe bask\u0131, daha geni\u015f men\u00fclerde ise sayfa say\u0131s\u0131n\u0131n artt\u0131\u011f\u0131 men\u00fc se\u00e7enekleri tercih edilebilir. Men\u00fcn\u00fcn \u015fekli ise tasar\u0131ma g\u00f6re belirlenir ve kare, dikd\u00f6rtgen veya yuvarlak men\u00fc \u00e7e\u015fitleri aras\u0131ndan se\u00e7im yap\u0131labilir.<\/p>\n<p>Men\u00fc bask\u0131s\u0131nda, foreks malzeme \u00fczerine 90gr. ku\u015fe kullan\u0131larak 4 Renk CMYK uygulamas\u0131 yap\u0131l\u0131r. Men\u00fcler, y\u00fcksek \u00e7\u00f6z\u00fcn\u00fcrl\u00fckl\u00fc ve okunakl\u0131 \u015fekilde \u00f6zenle bas\u0131l\u0131r. Ayr\u0131ca, parlak veya mat selefon uygulamas\u0131na ek olarak men\u00fcn\u00fcn kal\u0131nl\u0131k se\u00e7enekleri de mevcuttur.<\/p>\n","protected":false},"excerpt":{"rendered":"<p>Restoranlar i\u00e7in imaj a\u00e7\u0131s\u0131ndan olduk\u00e7a \u00f6nemli olan men\u00fc, m\u00fc\u015fterilere sunulan yemeklerin, i\u00e7eceklerin ve fiyatlar\u0131n listelendi\u011fi bask\u0131 \u00fcr\u00fcn\u00fcd\u00fcr. M\u00fc\u015fteriler, yeme-i\u00e7me mekan\u0131na geldiklerinde ilk olarak men\u00fcy\u00fc g\u00f6r\u00fcp incelerler ve bu nedenle men\u00fc, m\u00fc\u015fteri memnuniyetinde yemek ve i\u00e7ecekler kadar \u00f6nemlidir. Restoranlar ve kafeler, hem men\u00fc tasar\u0131m\u0131na hem de men\u00fc bask\u0131 kalitesine \u00f6nem verirler. Men\u00fc bask\u0131s\u0131, geni\u015fli\u011fi ve mekan\u0131n &hellip;<\/p>\n<p class=\"read-more\"> <a class=\"\" href=\"https:\/\/www.maslakbaski.com\/index.php\/urun\/sivama-menu\/\"> <span class=\"screen-reader-text\">S\u0131vama Men\u00fc<\/span> Read More &raquo;<\/a><\/p>\n","protected":false},"featured_media":2482,"template":"","meta":{"om_disable_all_campaigns":false,"_mi_skip_tracking":false,"site-sidebar-layout":"default","site-content-layout":"default","ast-global-header-display":"","ast-main-header-display":"","ast-hfb-above-header-display":"","ast-hfb-below-header-display":"","ast-hfb-mobile-header-display":"","site-post-title":"","ast-breadcrumbs-content":"","ast-featured-img":"","footer-sml-layout":"","theme-transparent-header-meta":"default","adv-header-id-meta":"","stick-header-meta":"","header-above-stick-meta":"","header-main-stick-meta":"","header-below-stick-meta":""},"product_cat":[15,37],"product_tag":[],"aioseo_notices":[],"_links":{"self":[{"href":"https:\/\/www.maslakbaski.com\/index.php\/wp-json\/wp\/v3\/product\/2481"}],"collection":[{"href":"https:\/\/www.maslakbaski.com\/index.php\/wp-json\/wp\/v3\/product"}],"about":[{"href":"https:\/\/www.maslakbaski.com\/index.php\/wp-json\/wp\/v2\/types\/product"}],"wp:featuredmedia":[{"embeddable":true,"href":"https:\/\/www.maslakbaski.com\/index.php\/wp-json\/wp\/v2\/media\/2482"}],"wp:attachment":[{"href":"https:\/\/www.maslakbaski.com\/index.php\/wp-json\/wp\/v2\/media?parent=2481"}],"wp:term":[{"taxonomy":"product_cat","embeddable":true,"href":"https:\/\/www.maslakbaski.com\/index.php\/wp-json\/wp\/v2\/product_cat?post=2481"},{"taxonomy":"product_tag","embeddable":true,"href":"https:\/\/www.maslakbaski.com\/index.php\/wp-json\/wp\/v2\/product_tag?post=2481"}],"curies":[{"name":"wp","href":"https:\/\/api.w.org\/{rel}","templated":true}]}}