{"id":2479,"date":"2023-03-30T16:26:45","date_gmt":"2023-03-30T16:26:45","guid":{"rendered":"https:\/\/www.maslakbaski.com\/?post_type=product&#038;p=2479"},"modified":"2023-03-30T18:49:22","modified_gmt":"2023-03-30T18:49:22","slug":"katalog-2","status":"publish","type":"product","link":"https:\/\/www.maslakbaski.com\/index.php\/urun\/katalog-2\/","title":{"rendered":"Tel Diki\u015f Katalog \/ Dergi"},"content":{"rendered":"<p>Katalog sayfa say\u0131s\u0131 tercihi yaparken, A4 boyutunda (21&#215;29.7 cm) 72+4 sayfa sipari\u015fi verirseniz, \u00fcretime g\u00f6nderilecek olan katalog 72 adet i\u00e7 sayfa (yani 36 i\u00e7 yaprak) ile birlikte \u00f6n ve arka kapak olmak \u00fczere A4 boyutunda olacakt\u0131r. Se\u00e7ece\u011finiz sayfa say\u0131s\u0131 ve ka\u011f\u0131t kal\u0131nl\u0131\u011f\u0131na ba\u011fl\u0131 olarak, katalogunuzun s\u0131rt kal\u0131nl\u0131\u011f\u0131 de\u011fi\u015febilir.<\/p>\n<p>Tasar\u0131m y\u00f6n\u00fc se\u00e7erken, A4 boyutunda (21&#215;29.7 cm) dikey se\u00e7im yaparsan\u0131z ciltleme uzun kenardan, yatay se\u00e7im yaparsan\u0131z k\u0131sa kenardan yap\u0131lacakt\u0131r. 22&#215;22 cm boyutunda kare bir tasar\u0131m se\u00e7erseniz, dikey veya yatay se\u00e7iminize g\u00f6re ciltleme yap\u0131lacakt\u0131r.<\/p>\n<p>Mat veya parlak ka\u011f\u0131t se\u00e7iminiz, tasar\u0131m\u0131n\u0131zdaki renklerin ka\u011f\u0131t \u00fczerindeki g\u00f6r\u00fcn\u00fcm\u00fcn\u00fc etkiler. Parlak ka\u011f\u0131t, renkleri daha canl\u0131 g\u00f6sterirken, mat ka\u011f\u0131t renklerin daha yumu\u015fak g\u00f6r\u00fcnmesini sa\u011flayarak okumay\u0131 kolayla\u015ft\u0131r\u0131r. \u0130\u00e7 sayfa ve kapak ka\u011f\u0131d\u0131n\u0131 ayn\u0131 se\u00e7meniz (mat veya parlak), renklerin ayn\u0131 g\u00f6r\u00fcnmesini sa\u011flayacakt\u0131r.<\/p>\n<p>Katalogumuzun i\u00e7 sayfalar\u0131 selefonsuz, kapak ise selefonlu olarak \u00fcretilir. Ayr\u0131ca, kapa\u011f\u0131n\u0131z\u0131 lak se\u00e7enekleriyle ki\u015fiselle\u015ftirebilirsiniz. Lak uygulamas\u0131 yaparken, kapa\u011f\u0131n s\u0131rt ve a\u00e7\u0131lan k\u0131sm\u0131na lak uygulanmamas\u0131na dikkat etmeniz \u00f6nemlidir. Bu nedenle, tasar\u0131m\u0131n\u0131z\u0131 haz\u0131rlarken \u015fablonlar\u0131m\u0131z\u0131 kullanman\u0131z \u00f6nerilir. Lak kullan\u0131m\u0131n\u0131 s\u0131n\u0131rl\u0131 tutmak, hem g\u00f6rsel a\u00e7\u0131dan hem de kalite a\u00e7\u0131s\u0131ndan daha iyi sonu\u00e7lar verecektir. Lak se\u00e7enekleri sadece mat selefon ile kullan\u0131labilir.<\/p>\n","protected":false},"excerpt":{"rendered":"<p>Katalog sayfa say\u0131s\u0131 tercihi yaparken, A4 boyutunda (21&#215;29.7 cm) 72+4 sayfa sipari\u015fi verirseniz, \u00fcretime g\u00f6nderilecek olan katalog 72 adet i\u00e7 sayfa (yani 36 i\u00e7 yaprak) ile birlikte \u00f6n ve arka kapak olmak \u00fczere A4 boyutunda olacakt\u0131r. Se\u00e7ece\u011finiz sayfa say\u0131s\u0131 ve ka\u011f\u0131t kal\u0131nl\u0131\u011f\u0131na ba\u011fl\u0131 olarak, katalogunuzun s\u0131rt kal\u0131nl\u0131\u011f\u0131 de\u011fi\u015febilir. Tasar\u0131m y\u00f6n\u00fc se\u00e7erken, A4 boyutunda (21&#215;29.7 cm) &hellip;<\/p>\n<p class=\"read-more\"> <a class=\"\" href=\"https:\/\/www.maslakbaski.com\/index.php\/urun\/katalog-2\/\"> <span class=\"screen-reader-text\">Tel Diki\u015f Katalog \/ Dergi<\/span> Read More &raquo;<\/a><\/p>\n","protected":false},"featured_media":2480,"template":"","meta":{"om_disable_all_campaigns":false,"_mi_skip_tracking":false,"site-sidebar-layout":"default","site-content-layout":"default","ast-global-header-display":"","ast-main-header-display":"","ast-hfb-above-header-display":"","ast-hfb-below-header-display":"","ast-hfb-mobile-header-display":"","site-post-title":"","ast-breadcrumbs-content":"","ast-featured-img":"","footer-sml-layout":"","theme-transparent-header-meta":"default","adv-header-id-meta":"","stick-header-meta":"","header-above-stick-meta":"","header-main-stick-meta":"","header-below-stick-meta":""},"product_cat":[15,39],"product_tag":[],"aioseo_notices":[],"_links":{"self":[{"href":"https:\/\/www.maslakbaski.com\/index.php\/wp-json\/wp\/v3\/product\/2479"}],"collection":[{"href":"https:\/\/www.maslakbaski.com\/index.php\/wp-json\/wp\/v3\/product"}],"about":[{"href":"https:\/\/www.maslakbaski.com\/index.php\/wp-json\/wp\/v2\/types\/product"}],"wp:featuredmedia":[{"embeddable":true,"href":"https:\/\/www.maslakbaski.com\/index.php\/wp-json\/wp\/v2\/media\/2480"}],"wp:attachment":[{"href":"https:\/\/www.maslakbaski.com\/index.php\/wp-json\/wp\/v2\/media?parent=2479"}],"wp:term":[{"taxonomy":"product_cat","embeddable":true,"href":"https:\/\/www.maslakbaski.com\/index.php\/wp-json\/wp\/v2\/product_cat?post=2479"},{"taxonomy":"product_tag","embeddable":true,"href":"https:\/\/www.maslakbaski.com\/index.php\/wp-json\/wp\/v2\/product_tag?post=2479"}],"curies":[{"name":"wp","href":"https:\/\/api.w.org\/{rel}","templated":true}]}}