{"id":2474,"date":"2023-03-30T16:16:39","date_gmt":"2023-03-30T16:16:39","guid":{"rendered":"https:\/\/www.maslakbaski.com\/?post_type=product&#038;p=2474"},"modified":"2023-03-30T16:58:09","modified_gmt":"2023-03-30T16:58:09","slug":"amerikan-cilt","status":"publish","type":"product","link":"https:\/\/www.maslakbaski.com\/index.php\/urun\/amerikan-cilt\/","title":{"rendered":"Amerikan Cilt"},"content":{"rendered":"<p>Amerikan cilt kataloglar\u0131, genellikle kapsaml\u0131 \u00fcr\u00fcn yelpazesine sahip ve birden fazla kategori sunan \u015firketler taraf\u0131ndan tercih edilir. Bu t\u00fcr kataloglar i\u00e7in y\u00fcksek sayfa say\u0131s\u0131 gerekti\u011fi i\u00e7in A4 ve A4 Yatay boyutlar\u0131nda \u00fcretilirler. 170 gr ka\u011f\u0131t ve 350 gr selefonlu ka\u011f\u0131t kullan\u0131larak \u00fcretilen Amerikan cilt kataloglar, ince katalog t\u00fcrleri i\u00e7in uygun de\u011fillerdir. Katalogunuzun sayfa say\u0131s\u0131na karar verdikten sonra, uygun bir sayfa say\u0131s\u0131 se\u00e7ebilirsiniz. Amerikan cilt kataloglar, 48 ile 108 sayfa aras\u0131nda kapak dahil olmak \u00fczere de\u011fi\u015fen sayfa say\u0131lar\u0131na sahiptir.<\/p>\n<p>E\u011fer \u00fcr\u00fcn \u00e7e\u015fitlili\u011finiz fazla ve farkl\u0131 kategorilerde \u00fcr\u00fcnler sunuyorsan\u0131z, Amerikan cilt katalogu en uygun se\u00e7enektir. Bu t\u00fcr kataloglar, etkili bir tan\u0131t\u0131m yapman\u0131za ve t\u00fcm detaylar\u0131 g\u00f6zden ka\u00e7\u0131rmaman\u0131za yard\u0131mc\u0131 olacak uygun bir tasar\u0131m sunar. Tasar\u0131m\u0131n\u0131z\u0131 olu\u015ftururken, ileti\u015fim bilgilerinizi (adres, telefon numaras\u0131, sosyal medya hesaplar\u0131 ve web site adresi gibi) i\u00e7ermeyi unutmay\u0131n. Bu sayede m\u00fc\u015fterileriniz, \u00fcr\u00fcn hakk\u0131nda bilgi almak istediklerinde kolayca size ula\u015fabilirler. Bu, markan\u0131z\u0131n bilinirli\u011fini art\u0131r\u0131r ve sat\u0131\u015flar\u0131n\u0131zda belirgin bir art\u0131\u015fa neden olur.<\/p>\n","protected":false},"excerpt":{"rendered":"<p>Amerikan cilt kataloglar\u0131, genellikle kapsaml\u0131 \u00fcr\u00fcn yelpazesine sahip ve birden fazla kategori sunan \u015firketler taraf\u0131ndan tercih edilir. Bu t\u00fcr kataloglar i\u00e7in y\u00fcksek sayfa say\u0131s\u0131 gerekti\u011fi i\u00e7in A4 ve A4 Yatay boyutlar\u0131nda \u00fcretilirler. 170 gr ka\u011f\u0131t ve 350 gr selefonlu ka\u011f\u0131t kullan\u0131larak \u00fcretilen Amerikan cilt kataloglar, ince katalog t\u00fcrleri i\u00e7in uygun de\u011fillerdir. Katalogunuzun sayfa say\u0131s\u0131na karar &hellip;<\/p>\n<p class=\"read-more\"> <a class=\"\" href=\"https:\/\/www.maslakbaski.com\/index.php\/urun\/amerikan-cilt\/\"> <span class=\"screen-reader-text\">Amerikan Cilt<\/span> Read More &raquo;<\/a><\/p>\n","protected":false},"featured_media":2475,"template":"","meta":{"om_disable_all_campaigns":false,"_mi_skip_tracking":false,"site-sidebar-layout":"default","site-content-layout":"default","ast-global-header-display":"","ast-main-header-display":"","ast-hfb-above-header-display":"","ast-hfb-below-header-display":"","ast-hfb-mobile-header-display":"","site-post-title":"","ast-breadcrumbs-content":"","ast-featured-img":"","footer-sml-layout":"","theme-transparent-header-meta":"default","adv-header-id-meta":"","stick-header-meta":"","header-above-stick-meta":"","header-main-stick-meta":"","header-below-stick-meta":""},"product_cat":[15,39],"product_tag":[],"aioseo_notices":[],"_links":{"self":[{"href":"https:\/\/www.maslakbaski.com\/index.php\/wp-json\/wp\/v3\/product\/2474"}],"collection":[{"href":"https:\/\/www.maslakbaski.com\/index.php\/wp-json\/wp\/v3\/product"}],"about":[{"href":"https:\/\/www.maslakbaski.com\/index.php\/wp-json\/wp\/v2\/types\/product"}],"wp:featuredmedia":[{"embeddable":true,"href":"https:\/\/www.maslakbaski.com\/index.php\/wp-json\/wp\/v2\/media\/2475"}],"wp:attachment":[{"href":"https:\/\/www.maslakbaski.com\/index.php\/wp-json\/wp\/v2\/media?parent=2474"}],"wp:term":[{"taxonomy":"product_cat","embeddable":true,"href":"https:\/\/www.maslakbaski.com\/index.php\/wp-json\/wp\/v2\/product_cat?post=2474"},{"taxonomy":"product_tag","embeddable":true,"href":"https:\/\/www.maslakbaski.com\/index.php\/wp-json\/wp\/v2\/product_tag?post=2474"}],"curies":[{"name":"wp","href":"https:\/\/api.w.org\/{rel}","templated":true}]}}