{"id":2470,"date":"2023-03-30T16:14:04","date_gmt":"2023-03-30T16:14:04","guid":{"rendered":"https:\/\/www.maslakbaski.com\/?post_type=product&#038;p=2470"},"modified":"2023-03-30T16:58:27","modified_gmt":"2023-03-30T16:58:27","slug":"spiralli-katalog-kitapcik","status":"publish","type":"product","link":"https:\/\/www.maslakbaski.com\/index.php\/urun\/spiralli-katalog-kitapcik\/","title":{"rendered":"Spiralli Katalog \/ Kitap\u00e7\u0131k"},"content":{"rendered":"<p>Spiralli kataloglar, dergiler veya kitap\u00e7\u0131klar, daha rahat kullan\u0131m ve g\u00f6rsel sunum sa\u011flamak amac\u0131yla genellikle tercih edilir. Bu \u00fcr\u00fcnler, firman\u0131z\u0131n \u00fcr\u00fcnlerini ve hizmetlerini sergilemek i\u00e7in idealdir ve kolay kullan\u0131labilirlikleri \u00f6nemlidir. Kitap\u00e7\u0131klar i\u00e7in spiralli \u00fcr\u00fcnler, okunmas\u0131 ve \u00e7al\u0131\u015fmas\u0131 kolay olmalar\u0131 nedeniyle uygun bir se\u00e7enektir ve diledi\u011finiz sayfa say\u0131s\u0131na sahip olabilirler.<\/p>\n<p>Tasar\u0131m\u0131n\u0131z\u0131 yaparken, firman\u0131za uygun renkleri kullanman\u0131z ve logonuzu dikkat \u00e7ekici bir alanda yerle\u015ftirmeniz \u00f6nemlidir. Bu, katalo\u011funuzu inceleyen ki\u015filerin sizi tan\u0131mas\u0131n\u0131 ve markan\u0131za g\u00fcven duymas\u0131n\u0131 sa\u011flar. Marka bilinirli\u011finizin artmas\u0131, sat\u0131\u015flar\u0131n\u0131zda g\u00f6zle g\u00f6r\u00fcl\u00fcr bir art\u0131\u015fa neden olur ve iyi bir imaj olu\u015fturman\u0131za yard\u0131mc\u0131 olur.<\/p>\n<p>Ayr\u0131ca, kataloglar\u0131n\u0131zda ve kitap\u00e7\u0131klar\u0131n\u0131zda adres bilgilerinizi (firma adresi, e-posta adresi, web sitesi, telefon numaras\u0131, sosyal medya hesaplar\u0131 vb.) belirtmeniz, ki\u015filerin size kolayca ula\u015fmas\u0131n\u0131 sa\u011flar. Bu, olas\u0131 kar\u0131\u015f\u0131kl\u0131klar\u0131 \u00f6nler ve ki\u015filerin \u00fcr\u00fcnleriniz hakk\u0131nda detayl\u0131 bilgi edinmelerine olanak tan\u0131r. \u00dcr\u00fcn ve hizmetlerinizin sunumunu pek \u00e7ok ki\u015fiye yapabilir ve \u00fcr\u00fcn bilinirli\u011finizi art\u0131rabilirsiniz.<\/p>\n<p>Kurumsal bir g\u00f6r\u00fcnt\u00fc elde etmek ve firman\u0131z\u0131 di\u011ferlerinden \u00f6ne \u00e7\u0131karmak i\u00e7in sizi ve firman\u0131z\u0131 yans\u0131tan bir tasar\u0131m kullanabilirsiniz. Spiralli kataloglar, dergiler ve kitap\u00e7\u0131klar, bu ama\u00e7 i\u00e7in en uygun se\u00e7eneklerdir ve beklentilerinizi kar\u015f\u0131larlar.<\/p>\n","protected":false},"excerpt":{"rendered":"<p>Spiralli kataloglar, dergiler veya kitap\u00e7\u0131klar, daha rahat kullan\u0131m ve g\u00f6rsel sunum sa\u011flamak amac\u0131yla genellikle tercih edilir. Bu \u00fcr\u00fcnler, firman\u0131z\u0131n \u00fcr\u00fcnlerini ve hizmetlerini sergilemek i\u00e7in idealdir ve kolay kullan\u0131labilirlikleri \u00f6nemlidir. Kitap\u00e7\u0131klar i\u00e7in spiralli \u00fcr\u00fcnler, okunmas\u0131 ve \u00e7al\u0131\u015fmas\u0131 kolay olmalar\u0131 nedeniyle uygun bir se\u00e7enektir ve diledi\u011finiz sayfa say\u0131s\u0131na sahip olabilirler. Tasar\u0131m\u0131n\u0131z\u0131 yaparken, firman\u0131za uygun renkleri kullanman\u0131z ve &hellip;<\/p>\n<p class=\"read-more\"> <a class=\"\" href=\"https:\/\/www.maslakbaski.com\/index.php\/urun\/spiralli-katalog-kitapcik\/\"> <span class=\"screen-reader-text\">Spiralli Katalog \/ Kitap\u00e7\u0131k<\/span> Read More &raquo;<\/a><\/p>\n","protected":false},"featured_media":2471,"template":"","meta":{"om_disable_all_campaigns":false,"_mi_skip_tracking":false,"site-sidebar-layout":"default","site-content-layout":"default","ast-global-header-display":"","ast-main-header-display":"","ast-hfb-above-header-display":"","ast-hfb-below-header-display":"","ast-hfb-mobile-header-display":"","site-post-title":"","ast-breadcrumbs-content":"","ast-featured-img":"","footer-sml-layout":"","theme-transparent-header-meta":"default","adv-header-id-meta":"","stick-header-meta":"","header-above-stick-meta":"","header-main-stick-meta":"","header-below-stick-meta":""},"product_cat":[15,39],"product_tag":[],"aioseo_notices":[],"_links":{"self":[{"href":"https:\/\/www.maslakbaski.com\/index.php\/wp-json\/wp\/v3\/product\/2470"}],"collection":[{"href":"https:\/\/www.maslakbaski.com\/index.php\/wp-json\/wp\/v3\/product"}],"about":[{"href":"https:\/\/www.maslakbaski.com\/index.php\/wp-json\/wp\/v2\/types\/product"}],"wp:featuredmedia":[{"embeddable":true,"href":"https:\/\/www.maslakbaski.com\/index.php\/wp-json\/wp\/v2\/media\/2471"}],"wp:attachment":[{"href":"https:\/\/www.maslakbaski.com\/index.php\/wp-json\/wp\/v2\/media?parent=2470"}],"wp:term":[{"taxonomy":"product_cat","embeddable":true,"href":"https:\/\/www.maslakbaski.com\/index.php\/wp-json\/wp\/v2\/product_cat?post=2470"},{"taxonomy":"product_tag","embeddable":true,"href":"https:\/\/www.maslakbaski.com\/index.php\/wp-json\/wp\/v2\/product_tag?post=2470"}],"curies":[{"name":"wp","href":"https:\/\/api.w.org\/{rel}","templated":true}]}}