{"id":2398,"date":"2023-03-29T19:58:29","date_gmt":"2023-03-29T19:58:29","guid":{"rendered":"https:\/\/www.maslakbaski.com\/?post_type=product&#038;p=2398"},"modified":"2023-03-29T19:58:29","modified_gmt":"2023-03-29T19:58:29","slug":"spiral-menu","status":"publish","type":"product","link":"https:\/\/www.maslakbaski.com\/index.php\/urun\/spiral-menu\/","title":{"rendered":"SP\u0130RAL MENU"},"content":{"rendered":"<p>Restoranlar ve kafelerde s\u0131k\u00e7a tercih edilen bir men\u00fc t\u00fcr\u00fc olan spiral men\u00fcler, kullan\u0131m kolayl\u0131\u011f\u0131 ve dayan\u0131kl\u0131l\u0131k a\u00e7\u0131s\u0131ndan avantajl\u0131 bir se\u00e7enektir. Farkl\u0131 ebat ve ka\u011f\u0131t t\u00fcrleri sayesinde tasar\u0131m \u00f6zg\u00fcrl\u00fc\u011f\u00fc sa\u011flar. Ebat se\u00e7enekleri 10,5 cm x 29,7 cm, 15 cm x 15 cm, A4 (21 cm x 29,7 cm), A4 Yatay (29,7 cm x 21 cm), A5 (14,8 cm x 21 cm) ve A5 Yatay (21 cm x 14,8 cm) olmak \u00fczere alt\u0131 farkl\u0131 gruba ayr\u0131l\u0131r. Firman\u0131za ve men\u00fcn\u00fcze uygun olan ebat se\u00e7ene\u011fini tercih ederek tasar\u0131m\u0131n\u0131z\u0131 olu\u015fturabilirsiniz.<\/p>\n<p>Ayr\u0131ca, spiral men\u00fclerin d\u00f6rt farkl\u0131 ka\u011f\u0131t se\u00e7ene\u011fi mevcuttur. 300 gr kraft, 350 gr mat ku\u015fe, japon bristol ve tuale ka\u011f\u0131t se\u00e7enekleri aras\u0131ndan tercihinizi yapabilirsiniz. Kraft ka\u011f\u0131t geri d\u00f6n\u00fc\u015ft\u00fcr\u00fclebilir ve a\u00e7\u0131k kahverengi renktedir. 350 gr mat ku\u015fe ka\u011f\u0131d\u0131 standart kal\u0131nl\u0131ktad\u0131r. Tuale ka\u011f\u0131d\u0131 dokulu bir ka\u011f\u0131t t\u00fcr\u00fcd\u00fcr ve genellikle davetiyelerde kullan\u0131l\u0131r. Japon bristol ise dokusuz ve mat bir ka\u011f\u0131tt\u0131r ve yumu\u015fak ve kaygan bir y\u00fczeye sahiptir. Spiral men\u00fcler, 8-32 sayfa aras\u0131ndaki men\u00fcler i\u00e7in ideal bir se\u00e7enektir.<\/p>\n<p>Spiral men\u00fclerin bir di\u011fer \u00f6nemli unsuru, spiral rengidir. Tasar\u0131m\u0131n\u0131za, kulland\u0131\u011f\u0131n\u0131z ka\u011f\u0131t t\u00fcr\u00fcne ve renklere g\u00f6re siyah veya beyaz olarak iki farkl\u0131 renk se\u00e7ene\u011finiz mevcuttur. En uygun rengi se\u00e7erek tasar\u0131m\u0131n\u0131z\u0131 tamamlayabilirsiniz.<\/p>\n","protected":false},"excerpt":{"rendered":"<p>Restoranlar ve kafelerde s\u0131k\u00e7a tercih edilen bir men\u00fc t\u00fcr\u00fc olan spiral men\u00fcler, kullan\u0131m kolayl\u0131\u011f\u0131 ve dayan\u0131kl\u0131l\u0131k a\u00e7\u0131s\u0131ndan avantajl\u0131 bir se\u00e7enektir. Farkl\u0131 ebat ve ka\u011f\u0131t t\u00fcrleri sayesinde tasar\u0131m \u00f6zg\u00fcrl\u00fc\u011f\u00fc sa\u011flar. Ebat se\u00e7enekleri 10,5 cm x 29,7 cm, 15 cm x 15 cm, A4 (21 cm x 29,7 cm), A4 Yatay (29,7 cm x 21 cm), A5 &hellip;<\/p>\n<p class=\"read-more\"> <a class=\"\" href=\"https:\/\/www.maslakbaski.com\/index.php\/urun\/spiral-menu\/\"> <span class=\"screen-reader-text\">SP\u0130RAL MENU<\/span> Read More &raquo;<\/a><\/p>\n","protected":false},"featured_media":2399,"template":"","meta":{"om_disable_all_campaigns":false,"_mi_skip_tracking":false,"site-sidebar-layout":"default","site-content-layout":"default","ast-global-header-display":"","ast-main-header-display":"","ast-hfb-above-header-display":"","ast-hfb-below-header-display":"","ast-hfb-mobile-header-display":"","site-post-title":"","ast-breadcrumbs-content":"","ast-featured-img":"","footer-sml-layout":"","theme-transparent-header-meta":"default","adv-header-id-meta":"","stick-header-meta":"","header-above-stick-meta":"","header-main-stick-meta":"","header-below-stick-meta":""},"product_cat":[15,37],"product_tag":[],"aioseo_notices":[],"_links":{"self":[{"href":"https:\/\/www.maslakbaski.com\/index.php\/wp-json\/wp\/v3\/product\/2398"}],"collection":[{"href":"https:\/\/www.maslakbaski.com\/index.php\/wp-json\/wp\/v3\/product"}],"about":[{"href":"https:\/\/www.maslakbaski.com\/index.php\/wp-json\/wp\/v2\/types\/product"}],"wp:featuredmedia":[{"embeddable":true,"href":"https:\/\/www.maslakbaski.com\/index.php\/wp-json\/wp\/v2\/media\/2399"}],"wp:attachment":[{"href":"https:\/\/www.maslakbaski.com\/index.php\/wp-json\/wp\/v2\/media?parent=2398"}],"wp:term":[{"taxonomy":"product_cat","embeddable":true,"href":"https:\/\/www.maslakbaski.com\/index.php\/wp-json\/wp\/v2\/product_cat?post=2398"},{"taxonomy":"product_tag","embeddable":true,"href":"https:\/\/www.maslakbaski.com\/index.php\/wp-json\/wp\/v2\/product_tag?post=2398"}],"curies":[{"name":"wp","href":"https:\/\/api.w.org\/{rel}","templated":true}]}}