{"id":2375,"date":"2023-03-29T19:04:10","date_gmt":"2023-03-29T19:04:10","guid":{"rendered":"https:\/\/www.maslakbaski.com\/?post_type=product&#038;p=2375"},"modified":"2023-03-29T20:27:18","modified_gmt":"2023-03-29T20:27:18","slug":"pvc-menu-2","status":"publish","type":"product","link":"https:\/\/www.maslakbaski.com\/index.php\/urun\/pvc-menu-2\/","title":{"rendered":"PVC Men\u00fc"},"content":{"rendered":"<div class=\"group w-full text-gray-800 dark:text-gray-100 border-b border-black\/10 dark:border-gray-900\/50 bg-gray-50 dark:bg-[#444654]\">\n<div class=\"text-base gap-4 md:gap-6 md:max-w-2xl lg:max-w-2xl xl:max-w-3xl p-4 md:py-6 flex lg:px-0 m-auto\">\n<div class=\"relative flex w-[calc(100%-50px)] flex-col gap-1 md:gap-3 lg:w-[calc(100%-115px)]\">\n<div class=\"flex flex-grow flex-col gap-3\">\n<div class=\"min-h-[20px] flex flex-col items-start gap-4 whitespace-pre-wrap\">\n<div class=\"markdown prose w-full break-words dark:prose-invert light\">\n<p>PVC kaplama men\u00fclerin tasar\u0131m\u0131 ve kullan\u0131m\u0131 \u00f6nemlidir. Men\u00fc tasar\u0131m\u0131, i\u015fletmenizin hedef kitlesi ve konsepti g\u00f6z \u00f6n\u00fcnde bulundurularak yap\u0131lmal\u0131d\u0131r. Men\u00fcde sunulan yiyecek ve i\u00e7eceklerin foto\u011fraflar\u0131 y\u00fcksek \u00e7\u00f6z\u00fcn\u00fcrl\u00fckl\u00fc olmal\u0131 ve kolayca anla\u015f\u0131labilir \u015fekilde kategorilere ayr\u0131lmal\u0131d\u0131r. Ayr\u0131ca men\u00fcler m\u00fc\u015fterilerinizin rahat tercih yapmalar\u0131n\u0131 sa\u011flayacak \u015fekilde basit bir dil ve d\u00fczenle haz\u0131rlanmal\u0131d\u0131r.<\/p>\n<p>Men\u00fclerin kullan\u0131m\u0131 s\u0131ras\u0131nda da dikkat edilmesi gereken baz\u0131 noktalar vard\u0131r. \u00d6rne\u011fin, men\u00fclerin temiz tutulmas\u0131 ve d\u00fczenli aral\u0131klarla yenilenmesi \u00f6nemlidir. Men\u00fclerin her zaman el alt\u0131nda bulunmas\u0131 ve m\u00fc\u015fterilere h\u0131zl\u0131 bir \u015fekilde sunulmas\u0131, m\u00fc\u015fterilerinizin memnuniyetini art\u0131racak ve i\u015fletmenizin verimlili\u011fini art\u0131racakt\u0131r.<\/p>\n<p>Son olarak, PVC kaplama men\u00fclerin dayan\u0131kl\u0131l\u0131\u011f\u0131 sayesinde uzun s\u00fcre kullan\u0131labilirler. Bu da i\u015fletmeniz i\u00e7in uzun vadeli bir yat\u0131r\u0131m olabilir. Ancak, PVC kaplama men\u00fclerin do\u011faya zararl\u0131 olabilen bir malzeme oldu\u011fu unutulmamal\u0131 ve do\u011fru bir \u015fekilde at\u0131lmas\u0131 sa\u011flanmal\u0131d\u0131r.<\/p>\n<\/div>\n<\/div>\n<\/div>\n<div class=\"flex justify-between\">\n<div class=\"text-gray-400 flex self-end lg:self-center justify-center mt-2 gap-3 md:gap-4 lg:gap-1 lg:absolute lg:top-0 lg:translate-x-full lg:right-0 lg:mt-0 lg:pl-2 visible\"><\/div>\n<\/div>\n<\/div>\n<\/div>\n<\/div>\n","protected":false},"excerpt":{"rendered":"<p>PVC kaplama men\u00fclerin tasar\u0131m\u0131 ve kullan\u0131m\u0131 \u00f6nemlidir. Men\u00fc tasar\u0131m\u0131, i\u015fletmenizin hedef kitlesi ve konsepti g\u00f6z \u00f6n\u00fcnde bulundurularak yap\u0131lmal\u0131d\u0131r. Men\u00fcde sunulan yiyecek ve i\u00e7eceklerin foto\u011fraflar\u0131 y\u00fcksek \u00e7\u00f6z\u00fcn\u00fcrl\u00fckl\u00fc olmal\u0131 ve kolayca anla\u015f\u0131labilir \u015fekilde kategorilere ayr\u0131lmal\u0131d\u0131r. Ayr\u0131ca men\u00fcler m\u00fc\u015fterilerinizin rahat tercih yapmalar\u0131n\u0131 sa\u011flayacak \u015fekilde basit bir dil ve d\u00fczenle haz\u0131rlanmal\u0131d\u0131r. Men\u00fclerin kullan\u0131m\u0131 s\u0131ras\u0131nda da dikkat edilmesi gereken baz\u0131 &hellip;<\/p>\n<p class=\"read-more\"> <a class=\"\" href=\"https:\/\/www.maslakbaski.com\/index.php\/urun\/pvc-menu-2\/\"> <span class=\"screen-reader-text\">PVC Men\u00fc<\/span> Read More &raquo;<\/a><\/p>\n","protected":false},"featured_media":2404,"template":"","meta":{"om_disable_all_campaigns":false,"_mi_skip_tracking":false,"site-sidebar-layout":"default","site-content-layout":"default","ast-global-header-display":"","ast-main-header-display":"","ast-hfb-above-header-display":"","ast-hfb-below-header-display":"","ast-hfb-mobile-header-display":"","site-post-title":"","ast-breadcrumbs-content":"","ast-featured-img":"","footer-sml-layout":"","theme-transparent-header-meta":"default","adv-header-id-meta":"","stick-header-meta":"","header-above-stick-meta":"","header-main-stick-meta":"","header-below-stick-meta":""},"product_cat":[15,37],"product_tag":[],"aioseo_notices":[],"_links":{"self":[{"href":"https:\/\/www.maslakbaski.com\/index.php\/wp-json\/wp\/v3\/product\/2375"}],"collection":[{"href":"https:\/\/www.maslakbaski.com\/index.php\/wp-json\/wp\/v3\/product"}],"about":[{"href":"https:\/\/www.maslakbaski.com\/index.php\/wp-json\/wp\/v2\/types\/product"}],"wp:featuredmedia":[{"embeddable":true,"href":"https:\/\/www.maslakbaski.com\/index.php\/wp-json\/wp\/v2\/media\/2404"}],"wp:attachment":[{"href":"https:\/\/www.maslakbaski.com\/index.php\/wp-json\/wp\/v2\/media?parent=2375"}],"wp:term":[{"taxonomy":"product_cat","embeddable":true,"href":"https:\/\/www.maslakbaski.com\/index.php\/wp-json\/wp\/v2\/product_cat?post=2375"},{"taxonomy":"product_tag","embeddable":true,"href":"https:\/\/www.maslakbaski.com\/index.php\/wp-json\/wp\/v2\/product_tag?post=2375"}],"curies":[{"name":"wp","href":"https:\/\/api.w.org\/{rel}","templated":true}]}}