{"id":2363,"date":"2023-03-29T18:44:49","date_gmt":"2023-03-29T18:44:49","guid":{"rendered":"https:\/\/www.maslakbaski.com\/?post_type=product&#038;p=2363"},"modified":"2023-03-29T18:52:55","modified_gmt":"2023-03-29T18:52:55","slug":"tual-kartvizit","status":"publish","type":"product","link":"https:\/\/www.maslakbaski.com\/index.php\/urun\/tual-kartvizit\/","title":{"rendered":"\u00d6zel Ka\u011f\u0131t Kartvizit"},"content":{"rendered":"<p>Farkl\u0131 niteliklerde ka\u011f\u0131tlar kullan\u0131larak tasarlanan \u00f6zel ka\u011f\u0131t kartvizitler, \u015f\u0131k ve \u00f6zg\u00fcn tasar\u0131mlar\u0131yla dikkatleri \u00fczerine \u00e7ekmektedir. Bu kartvizitler, iyi bir imaj olu\u015fturmak isteyenler i\u00e7in ideal bir se\u00e7imdir. Genellikle kullan\u0131lan \u00f6zel ka\u011f\u0131t t\u00fcrleri aras\u0131nda ku\u015fe ka\u011f\u0131t, tual ka\u011f\u0131t, Amerikan Bristol ka\u011f\u0131t ve Japon Bristol ka\u011f\u0131t yer almaktad\u0131r. Bu ka\u011f\u0131tlar sayesinde, benzersiz tasar\u0131mlar ortaya \u00e7\u0131kar\u0131labilir. Kartvizitler, hem bireylerin hem i\u015fletmelerin hem de markalar\u0131n temsilcisi oldu\u011fu i\u00e7in her ayr\u0131nt\u0131 b\u00fcy\u00fck bir \u00f6nem ta\u015f\u0131r. Ka\u011f\u0131t t\u00fcr\u00fc ve kalitesi ile tasar\u0131m detaylar\u0131na kadar her ayr\u0131nt\u0131 \u00f6zenle tasarlan\u0131rsa, kartvizitin etkisi daha da artar. \u00d6zel kartvizit modelleri, yarat\u0131c\u0131l\u0131\u011f\u0131n\u0131z\u0131 ve profesyonel tasar\u0131mc\u0131lar\u0131n deste\u011fini birle\u015ftirerek belirlenebilir.<\/p>\n","protected":false},"excerpt":{"rendered":"<p>Farkl\u0131 niteliklerde ka\u011f\u0131tlar kullan\u0131larak tasarlanan \u00f6zel ka\u011f\u0131t kartvizitler, \u015f\u0131k ve \u00f6zg\u00fcn tasar\u0131mlar\u0131yla dikkatleri \u00fczerine \u00e7ekmektedir. Bu kartvizitler, iyi bir imaj olu\u015fturmak isteyenler i\u00e7in ideal bir se\u00e7imdir. Genellikle kullan\u0131lan \u00f6zel ka\u011f\u0131t t\u00fcrleri aras\u0131nda ku\u015fe ka\u011f\u0131t, tual ka\u011f\u0131t, Amerikan Bristol ka\u011f\u0131t ve Japon Bristol ka\u011f\u0131t yer almaktad\u0131r. Bu ka\u011f\u0131tlar sayesinde, benzersiz tasar\u0131mlar ortaya \u00e7\u0131kar\u0131labilir. Kartvizitler, hem bireylerin &hellip;<\/p>\n<p class=\"read-more\"> <a class=\"\" href=\"https:\/\/www.maslakbaski.com\/index.php\/urun\/tual-kartvizit\/\"> <span class=\"screen-reader-text\">\u00d6zel Ka\u011f\u0131t Kartvizit<\/span> Read More &raquo;<\/a><\/p>\n","protected":false},"featured_media":2364,"template":"","meta":{"om_disable_all_campaigns":false,"_mi_skip_tracking":false,"site-sidebar-layout":"default","site-content-layout":"default","ast-global-header-display":"","ast-main-header-display":"","ast-hfb-above-header-display":"","ast-hfb-below-header-display":"","ast-hfb-mobile-header-display":"","site-post-title":"","ast-breadcrumbs-content":"","ast-featured-img":"","footer-sml-layout":"","theme-transparent-header-meta":"default","adv-header-id-meta":"","stick-header-meta":"","header-above-stick-meta":"","header-main-stick-meta":"","header-below-stick-meta":""},"product_cat":[15,33],"product_tag":[],"aioseo_notices":[],"_links":{"self":[{"href":"https:\/\/www.maslakbaski.com\/index.php\/wp-json\/wp\/v3\/product\/2363"}],"collection":[{"href":"https:\/\/www.maslakbaski.com\/index.php\/wp-json\/wp\/v3\/product"}],"about":[{"href":"https:\/\/www.maslakbaski.com\/index.php\/wp-json\/wp\/v2\/types\/product"}],"wp:featuredmedia":[{"embeddable":true,"href":"https:\/\/www.maslakbaski.com\/index.php\/wp-json\/wp\/v2\/media\/2364"}],"wp:attachment":[{"href":"https:\/\/www.maslakbaski.com\/index.php\/wp-json\/wp\/v2\/media?parent=2363"}],"wp:term":[{"taxonomy":"product_cat","embeddable":true,"href":"https:\/\/www.maslakbaski.com\/index.php\/wp-json\/wp\/v2\/product_cat?post=2363"},{"taxonomy":"product_tag","embeddable":true,"href":"https:\/\/www.maslakbaski.com\/index.php\/wp-json\/wp\/v2\/product_tag?post=2363"}],"curies":[{"name":"wp","href":"https:\/\/api.w.org\/{rel}","templated":true}]}}