{"id":2207,"date":"2023-03-27T14:04:23","date_gmt":"2023-03-27T14:04:23","guid":{"rendered":"http:\/\/www.maslakbaski.com\/?post_type=product&#038;p=2207"},"modified":"2023-03-30T17:48:14","modified_gmt":"2023-03-30T17:48:14","slug":"kartvizit","status":"publish","type":"product","link":"https:\/\/www.maslakbaski.com\/index.php\/urun\/kartvizit\/","title":{"rendered":"Standart Kartvizit"},"content":{"rendered":"<p>Kartvizitler, bir birey ya da \u015firkete ait a\u00e7\u0131klama ve ileti\u015fim bilgilerini i\u00e7eren k\u00fc\u00e7\u00fck kartlard\u0131r. Bu kartlar, ileti\u015fim i\u00e7in kullan\u0131labilece\u011fi gibi ayn\u0131 zamanda tan\u0131t\u0131m ama\u00e7l\u0131 olarak da i\u015flev g\u00f6rebilir. Kartvizitler, tasar\u0131mlar\u0131 ile birlikte ki\u015fiyi ya da \u015firketi temsil ederek ak\u0131lda kal\u0131c\u0131l\u0131\u011f\u0131 artt\u0131r\u0131rlar.<\/p>\n<p>Farkl\u0131 tipte kartvizitler bulunmaktad\u0131r. Genellikle standart boyutlar 8.5 x 5.5 cm&#8217;dir ve d\u00fcz kesimlidir. Ancak farkl\u0131 boyutlar ve kesimler de iste\u011fe g\u00f6re kullan\u0131labilmektedir. Baz\u0131 kartvizitler, kabartmal\u0131 ya da lakl\u0131 tasar\u0131mlarla birlikte \u00fcretilerek s\u0131kl\u0131kla tercih edilmektedir. Bu kartvizit t\u00fcr\u00fcnde mat selefon kullan\u0131lmaktad\u0131r. Di\u011fer tasar\u0131m se\u00e7enekleri aras\u0131nda \u00e7ift y\u00f6nl\u00fc ve katlanabilir kartvizitler de bulunmaktad\u0131r. Ayr\u0131ca standart ka\u011f\u0131t bask\u0131 kartvizitlerin yan\u0131 s\u0131ra kraft kartvizitler de mevcuttur.<\/p>\n<p>Kartvizitler, bask\u0131 i\u015flemi s\u0131ras\u0131nda markan\u0131z\u0131 ve kurumsal kimli\u011finizi temsil edece\u011fi i\u00e7in tasar\u0131m\u0131 son derece \u00f6nemlidir. Tasar\u0131mda kullan\u0131lan yaz\u0131 tipi ve renkler, ak\u0131lda kal\u0131c\u0131l\u0131\u011f\u0131 artt\u0131racak \u015fekilde se\u00e7ilmelidir. Ayr\u0131ca verilen bilgilerin okunakl\u0131 olmas\u0131 ve g\u00f6z yormamas\u0131 gerekmektedir. Boyutlar\u0131n\u0131n standart olmas\u0131, c\u00fczdan ya da kartl\u0131kta saklamay\u0131 kolayla\u015ft\u0131racak ve kaybolmas\u0131n\u0131 \u00f6nleyecektir.<\/p>\n<p>Bu kriterlere uygun bir kartvizit, sizin veya firman\u0131z\u0131n imaj\u0131n\u0131 do\u011fru bir \u015fekilde yans\u0131tacak ve potansiyel m\u00fc\u015fterilerinizin sizinle ileti\u015fime ge\u00e7mesini kolayla\u015ft\u0131racakt\u0131r. Ayr\u0131ca kullan\u0131lan kabartma ve parlak renkler, ak\u0131lda kal\u0131c\u0131l\u0131\u011f\u0131 artt\u0131rarak, insanlar\u0131n sizinle ileti\u015fim kurmas\u0131n\u0131 kolayla\u015ft\u0131racakt\u0131r.<\/p>\n","protected":false},"excerpt":{"rendered":"<p>Kartvizitler, bir birey ya da \u015firkete ait a\u00e7\u0131klama ve ileti\u015fim bilgilerini i\u00e7eren k\u00fc\u00e7\u00fck kartlard\u0131r. Bu kartlar, ileti\u015fim i\u00e7in kullan\u0131labilece\u011fi gibi ayn\u0131 zamanda tan\u0131t\u0131m ama\u00e7l\u0131 olarak da i\u015flev g\u00f6rebilir. Kartvizitler, tasar\u0131mlar\u0131 ile birlikte ki\u015fiyi ya da \u015firketi temsil ederek ak\u0131lda kal\u0131c\u0131l\u0131\u011f\u0131 artt\u0131r\u0131rlar. Farkl\u0131 tipte kartvizitler bulunmaktad\u0131r. Genellikle standart boyutlar 8.5 x 5.5 cm&#8217;dir ve d\u00fcz kesimlidir. &hellip;<\/p>\n<p class=\"read-more\"> <a class=\"\" href=\"https:\/\/www.maslakbaski.com\/index.php\/urun\/kartvizit\/\"> <span class=\"screen-reader-text\">Standart Kartvizit<\/span> Read More &raquo;<\/a><\/p>\n","protected":false},"featured_media":2428,"template":"","meta":{"om_disable_all_campaigns":false,"_mi_skip_tracking":false,"site-sidebar-layout":"default","site-content-layout":"default","ast-global-header-display":"","ast-main-header-display":"","ast-hfb-above-header-display":"","ast-hfb-below-header-display":"","ast-hfb-mobile-header-display":"","site-post-title":"","ast-breadcrumbs-content":"","ast-featured-img":"","footer-sml-layout":"","theme-transparent-header-meta":"default","adv-header-id-meta":"","stick-header-meta":"","header-above-stick-meta":"","header-main-stick-meta":"","header-below-stick-meta":""},"product_cat":[15,33],"product_tag":[],"aioseo_notices":[],"_links":{"self":[{"href":"https:\/\/www.maslakbaski.com\/index.php\/wp-json\/wp\/v3\/product\/2207"}],"collection":[{"href":"https:\/\/www.maslakbaski.com\/index.php\/wp-json\/wp\/v3\/product"}],"about":[{"href":"https:\/\/www.maslakbaski.com\/index.php\/wp-json\/wp\/v2\/types\/product"}],"wp:featuredmedia":[{"embeddable":true,"href":"https:\/\/www.maslakbaski.com\/index.php\/wp-json\/wp\/v2\/media\/2428"}],"wp:attachment":[{"href":"https:\/\/www.maslakbaski.com\/index.php\/wp-json\/wp\/v2\/media?parent=2207"}],"wp:term":[{"taxonomy":"product_cat","embeddable":true,"href":"https:\/\/www.maslakbaski.com\/index.php\/wp-json\/wp\/v2\/product_cat?post=2207"},{"taxonomy":"product_tag","embeddable":true,"href":"https:\/\/www.maslakbaski.com\/index.php\/wp-json\/wp\/v2\/product_tag?post=2207"}],"curies":[{"name":"wp","href":"https:\/\/api.w.org\/{rel}","templated":true}]}}