{"id":2203,"date":"2023-03-27T14:01:21","date_gmt":"2023-03-27T14:01:21","guid":{"rendered":"http:\/\/www.maslakbaski.com\/?post_type=product&#038;p=2203"},"modified":"2023-03-30T17:04:55","modified_gmt":"2023-03-30T17:04:55","slug":"insert","status":"publish","type":"product","link":"https:\/\/www.maslakbaski.com\/index.php\/urun\/insert\/","title":{"rendered":"\u0130nsert"},"content":{"rendered":"<p>Perakende sekt\u00f6r\u00fcnde faaliyet g\u00f6steren \u015firketler, \u00fcr\u00fcnlerinin tan\u0131t\u0131m\u0131nda Insert bask\u0131y\u0131 s\u0131k\u00e7a kullanmaktad\u0131r. Bu pazarlama arac\u0131 \u00f6zellikle k\u0131sa vadeli d\u00f6n\u00fc\u015fler elde etmek ve kampanyalar\u0131 duyurmak i\u00e7in son derece etkili bir y\u00f6ntemdir.<\/p>\n<p>Insert bask\u0131s\u0131 i\u00e7in 90 gr., 135 gr. veya 170 gr. ku\u015fe k\u00e2\u011f\u0131t se\u00e7enekleri kullan\u0131labilir. Firman\u0131n daha prestijli bir g\u00f6r\u00fcn\u00fcm sergilemesi i\u00e7in genellikle y\u00fcksek gramajl\u0131 k\u00e2\u011f\u0131t tercih edilir. \u0130nsert, 8 sayfadan 40 sayfaya kadar bast\u0131r\u0131labilir.<\/p>\n<p>Firmalar i\u00e7in Insert bask\u0131n\u0131n en b\u00fcy\u00fck avantaj\u0131, geri d\u00f6n\u00fc\u015flerin \u00e7ok h\u0131zl\u0131 olmas\u0131d\u0131r. Bu da \u015firketlerin kampanyalar\u0131ndan h\u0131zl\u0131 bir \u015fekilde sonu\u00e7 almalar\u0131na olanak sa\u011flar.<\/p>\n","protected":false},"excerpt":{"rendered":"<p>Perakende sekt\u00f6r\u00fcnde faaliyet g\u00f6steren \u015firketler, \u00fcr\u00fcnlerinin tan\u0131t\u0131m\u0131nda Insert bask\u0131y\u0131 s\u0131k\u00e7a kullanmaktad\u0131r. Bu pazarlama arac\u0131 \u00f6zellikle k\u0131sa vadeli d\u00f6n\u00fc\u015fler elde etmek ve kampanyalar\u0131 duyurmak i\u00e7in son derece etkili bir y\u00f6ntemdir. Insert bask\u0131s\u0131 i\u00e7in 90 gr., 135 gr. veya 170 gr. ku\u015fe k\u00e2\u011f\u0131t se\u00e7enekleri kullan\u0131labilir. Firman\u0131n daha prestijli bir g\u00f6r\u00fcn\u00fcm sergilemesi i\u00e7in genellikle y\u00fcksek gramajl\u0131 k\u00e2\u011f\u0131t tercih &hellip;<\/p>\n<p class=\"read-more\"> <a class=\"\" href=\"https:\/\/www.maslakbaski.com\/index.php\/urun\/insert\/\"> <span class=\"screen-reader-text\">\u0130nsert<\/span> Read More &raquo;<\/a><\/p>\n","protected":false},"featured_media":2477,"template":"","meta":{"om_disable_all_campaigns":false,"_mi_skip_tracking":false,"site-sidebar-layout":"default","site-content-layout":"default","ast-global-header-display":"","ast-main-header-display":"","ast-hfb-above-header-display":"","ast-hfb-below-header-display":"","ast-hfb-mobile-header-display":"","site-post-title":"","ast-breadcrumbs-content":"","ast-featured-img":"","footer-sml-layout":"","theme-transparent-header-meta":"default","adv-header-id-meta":"","stick-header-meta":"","header-above-stick-meta":"","header-main-stick-meta":"","header-below-stick-meta":""},"product_cat":[15,39],"product_tag":[],"aioseo_notices":[],"_links":{"self":[{"href":"https:\/\/www.maslakbaski.com\/index.php\/wp-json\/wp\/v3\/product\/2203"}],"collection":[{"href":"https:\/\/www.maslakbaski.com\/index.php\/wp-json\/wp\/v3\/product"}],"about":[{"href":"https:\/\/www.maslakbaski.com\/index.php\/wp-json\/wp\/v2\/types\/product"}],"wp:featuredmedia":[{"embeddable":true,"href":"https:\/\/www.maslakbaski.com\/index.php\/wp-json\/wp\/v2\/media\/2477"}],"wp:attachment":[{"href":"https:\/\/www.maslakbaski.com\/index.php\/wp-json\/wp\/v2\/media?parent=2203"}],"wp:term":[{"taxonomy":"product_cat","embeddable":true,"href":"https:\/\/www.maslakbaski.com\/index.php\/wp-json\/wp\/v2\/product_cat?post=2203"},{"taxonomy":"product_tag","embeddable":true,"href":"https:\/\/www.maslakbaski.com\/index.php\/wp-json\/wp\/v2\/product_tag?post=2203"}],"curies":[{"name":"wp","href":"https:\/\/api.w.org\/{rel}","templated":true}]}}