{"id":2396,"date":"2023-03-29T19:51:35","date_gmt":"2023-03-29T19:51:35","guid":{"rendered":"https:\/\/www.maslakbaski.com\/?post_type=product&#038;p=2396"},"modified":"2023-03-29T19:51:35","modified_gmt":"2023-03-29T19:51:35","slug":"tel-dikis-menu","status":"publish","type":"product","link":"http:\/\/www.maslakbaski.com\/index.php\/urun\/tel-dikis-menu\/","title":{"rendered":"TEL D\u0130K\u0130\u015e MEN\u00dc"},"content":{"rendered":"<p>Tel diki\u015f men\u00fcleri, genellikle az sayfal\u0131 men\u00fcler i\u00e7in tercih edilen bir se\u00e7enektir. Bu men\u00fcler, i\u00e7 i\u00e7e ge\u00e7mi\u015f formlar\u0131n bir kapak ve tel yard\u0131m\u0131yla birle\u015ftirilmesi sonucu ortaya \u00e7\u0131kar. Farkl\u0131 ebat se\u00e7enekleri mevcuttur ve i\u015fletmenin ihtiyac\u0131na ve men\u00fc yo\u011funlu\u011funa g\u00f6re se\u00e7im yap\u0131labilir. Tel diki\u015f men\u00fclerin ebatlar\u0131, 10,5 cm x 29,7 cm, 15 cm x 15 cm, A4 (21 cm x 29,7 cm) ve A5 (14,8 cm x 21 cm) \u015feklinde be\u015fe ayr\u0131l\u0131r.<\/p>\n<p>Men\u00fcn\u00fcz\u00fc tasarlarken dikkat etmeniz gereken bir di\u011fer \u00f6nemli fakt\u00f6r ise ka\u011f\u0131t se\u00e7enekleridir. Mat ku\u015fe 200 gr., mat ku\u015fe 300 gr. ve kraft ka\u011f\u0131t olmak \u00fczere \u00fc\u00e7 farkl\u0131 se\u00e7enek sunulmaktad\u0131r. Genellikle geri d\u00f6n\u00fc\u015ft\u00fcr\u00fclebilen ham bir ka\u011f\u0131t olan kraft ka\u011f\u0131t s\u0131k tercih edilir. Di\u011fer ku\u015fe ka\u011f\u0131t se\u00e7enekleri standart ka\u011f\u0131tlard\u0131r. Ka\u011f\u0131d\u0131n kal\u0131nl\u0131\u011f\u0131n\u0131 se\u00e7erek men\u00fcn\u00fcz\u00fc olu\u015fturabilirsiniz.<\/p>\n","protected":false},"excerpt":{"rendered":"<p>Tel diki\u015f men\u00fcleri, genellikle az sayfal\u0131 men\u00fcler i\u00e7in tercih edilen bir se\u00e7enektir. Bu men\u00fcler, i\u00e7 i\u00e7e ge\u00e7mi\u015f formlar\u0131n bir kapak ve tel yard\u0131m\u0131yla birle\u015ftirilmesi sonucu ortaya \u00e7\u0131kar. Farkl\u0131 ebat se\u00e7enekleri mevcuttur ve i\u015fletmenin ihtiyac\u0131na ve men\u00fc yo\u011funlu\u011funa g\u00f6re se\u00e7im yap\u0131labilir. Tel diki\u015f men\u00fclerin ebatlar\u0131, 10,5 cm x 29,7 cm, 15 cm x 15 cm, A4 &hellip;<\/p>\n<p class=\"read-more\"> <a class=\"\" href=\"http:\/\/www.maslakbaski.com\/index.php\/urun\/tel-dikis-menu\/\"> <span class=\"screen-reader-text\">TEL D\u0130K\u0130\u015e MEN\u00dc<\/span> Read More &raquo;<\/a><\/p>\n","protected":false},"featured_media":2397,"template":"","meta":{"om_disable_all_campaigns":false,"_mi_skip_tracking":false,"site-sidebar-layout":"default","site-content-layout":"default","ast-global-header-display":"","ast-main-header-display":"","ast-hfb-above-header-display":"","ast-hfb-below-header-display":"","ast-hfb-mobile-header-display":"","site-post-title":"","ast-breadcrumbs-content":"","ast-featured-img":"","footer-sml-layout":"","theme-transparent-header-meta":"default","adv-header-id-meta":"","stick-header-meta":"","header-above-stick-meta":"","header-main-stick-meta":"","header-below-stick-meta":""},"product_cat":[15,37],"product_tag":[],"aioseo_notices":[],"_links":{"self":[{"href":"http:\/\/www.maslakbaski.com\/index.php\/wp-json\/wp\/v3\/product\/2396"}],"collection":[{"href":"http:\/\/www.maslakbaski.com\/index.php\/wp-json\/wp\/v3\/product"}],"about":[{"href":"http:\/\/www.maslakbaski.com\/index.php\/wp-json\/wp\/v2\/types\/product"}],"wp:featuredmedia":[{"embeddable":true,"href":"http:\/\/www.maslakbaski.com\/index.php\/wp-json\/wp\/v2\/media\/2397"}],"wp:attachment":[{"href":"http:\/\/www.maslakbaski.com\/index.php\/wp-json\/wp\/v2\/media?parent=2396"}],"wp:term":[{"taxonomy":"product_cat","embeddable":true,"href":"http:\/\/www.maslakbaski.com\/index.php\/wp-json\/wp\/v2\/product_cat?post=2396"},{"taxonomy":"product_tag","embeddable":true,"href":"http:\/\/www.maslakbaski.com\/index.php\/wp-json\/wp\/v2\/product_tag?post=2396"}],"curies":[{"name":"wp","href":"https:\/\/api.w.org\/{rel}","templated":true}]}}