{"id":2393,"date":"2023-03-29T19:44:09","date_gmt":"2023-03-29T19:44:09","guid":{"rendered":"https:\/\/www.maslakbaski.com\/?post_type=product&#038;p=2393"},"modified":"2023-03-29T19:46:30","modified_gmt":"2023-03-29T19:46:30","slug":"stand-menu-2","status":"publish","type":"product","link":"http:\/\/www.maslakbaski.com\/index.php\/urun\/stand-menu-2\/","title":{"rendered":"Stand Men\u00fc"},"content":{"rendered":"<div class=\"contents-2MsGLg\">\n<div id=\"message-content-1090715347121881129\" class=\"markup-eYLPri messageContent-2t3eCI\">\n<p>Masa kartlar\u0131 genellikle ka\u011f\u0131t malzemeden \u00fcretilir ancak farkl\u0131 bir malzeme tercih ederek farkl\u0131 bir g\u00f6r\u00fcn\u00fcm elde edebilirsiniz. \u00d6rne\u011fin ah\u015fap, metal ya da akrilik gibi malzemeler kullanarak daha \u015f\u0131k ve modern bir tasar\u0131m olu\u015fturabilirsiniz. Ayr\u0131ca masa kartlar\u0131n\u0131n \u015fekli de de\u011fi\u015ftirilebilir. \u00d6rne\u011fin daire veya kare \u015feklinde tasar\u0131mlar yapabilirsiniz. Bu \u015fekilde masa kartlar\u0131n\u0131z\u0131 di\u011fer firmalardan ay\u0131rt edici hale getirebilirsiniz.<\/p>\n<p>Masa kartlar\u0131 tasar\u0131m\u0131 yaparken sade ve anla\u015f\u0131l\u0131r bir tasar\u0131m\u0131 tercih etmek \u00f6nemlidir. Karma\u015f\u0131k bir tasar\u0131m yerine, net bir mesaj veren ve firman\u0131z\u0131n kimli\u011fine uygun bir tasar\u0131m yapman\u0131z daha etkili olacakt\u0131r. Ayr\u0131ca masa kartlar\u0131n\u0131n kalitesi de \u00f6nemlidir. Kaliteli bir malzeme se\u00e7erek ve profesyonel bir bask\u0131 hizmeti alarak, daha uzun \u00f6m\u00fcrl\u00fc ve etkileyici bir \u00fcr\u00fcn elde edebilirsiniz.<\/p>\n<p>Son olarak, masa kartlar\u0131n\u0131n kullan\u0131m\u0131 s\u0131ras\u0131nda pratikli\u011fi de g\u00f6z \u00f6n\u00fcnde bulundurmak \u00f6nemlidir. Kartlar\u0131n kolayca yerle\u015ftirilebilece\u011fi ve kald\u0131r\u0131labilece\u011fi bir tasar\u0131m yapmak, kullan\u0131m kolayl\u0131\u011f\u0131 sa\u011flayacakt\u0131r. Ayr\u0131ca kartlar\u0131n \u00fczerindeki yaz\u0131lar\u0131n okunakl\u0131 ve net olmas\u0131 da \u00f6nemlidir. Bu \u015fekilde, m\u00fc\u015fterileriniz kartlardaki bilgileri kolayca okuyarak firmaya ula\u015fabilirler.<\/p>\n<\/div>\n<\/div>\n","protected":false},"excerpt":{"rendered":"<p>Masa kartlar\u0131 genellikle ka\u011f\u0131t malzemeden \u00fcretilir ancak farkl\u0131 bir malzeme tercih ederek farkl\u0131 bir g\u00f6r\u00fcn\u00fcm elde edebilirsiniz. \u00d6rne\u011fin ah\u015fap, metal ya da akrilik gibi malzemeler kullanarak daha \u015f\u0131k ve modern bir tasar\u0131m olu\u015fturabilirsiniz. Ayr\u0131ca masa kartlar\u0131n\u0131n \u015fekli de de\u011fi\u015ftirilebilir. \u00d6rne\u011fin daire veya kare \u015feklinde tasar\u0131mlar yapabilirsiniz. Bu \u015fekilde masa kartlar\u0131n\u0131z\u0131 di\u011fer firmalardan ay\u0131rt edici hale &hellip;<\/p>\n<p class=\"read-more\"> <a class=\"\" href=\"http:\/\/www.maslakbaski.com\/index.php\/urun\/stand-menu-2\/\"> <span class=\"screen-reader-text\">Stand Men\u00fc<\/span> Read More &raquo;<\/a><\/p>\n","protected":false},"featured_media":2394,"template":"","meta":{"om_disable_all_campaigns":false,"_mi_skip_tracking":false,"site-sidebar-layout":"default","site-content-layout":"default","ast-global-header-display":"","ast-main-header-display":"","ast-hfb-above-header-display":"","ast-hfb-below-header-display":"","ast-hfb-mobile-header-display":"","site-post-title":"","ast-breadcrumbs-content":"","ast-featured-img":"","footer-sml-layout":"","theme-transparent-header-meta":"default","adv-header-id-meta":"","stick-header-meta":"","header-above-stick-meta":"","header-main-stick-meta":"","header-below-stick-meta":""},"product_cat":[15,37],"product_tag":[],"aioseo_notices":[],"_links":{"self":[{"href":"http:\/\/www.maslakbaski.com\/index.php\/wp-json\/wp\/v3\/product\/2393"}],"collection":[{"href":"http:\/\/www.maslakbaski.com\/index.php\/wp-json\/wp\/v3\/product"}],"about":[{"href":"http:\/\/www.maslakbaski.com\/index.php\/wp-json\/wp\/v2\/types\/product"}],"wp:featuredmedia":[{"embeddable":true,"href":"http:\/\/www.maslakbaski.com\/index.php\/wp-json\/wp\/v2\/media\/2394"}],"wp:attachment":[{"href":"http:\/\/www.maslakbaski.com\/index.php\/wp-json\/wp\/v2\/media?parent=2393"}],"wp:term":[{"taxonomy":"product_cat","embeddable":true,"href":"http:\/\/www.maslakbaski.com\/index.php\/wp-json\/wp\/v2\/product_cat?post=2393"},{"taxonomy":"product_tag","embeddable":true,"href":"http:\/\/www.maslakbaski.com\/index.php\/wp-json\/wp\/v2\/product_tag?post=2393"}],"curies":[{"name":"wp","href":"https:\/\/api.w.org\/{rel}","templated":true}]}}