{"id":2369,"date":"2023-03-29T18:57:20","date_gmt":"2023-03-29T18:57:20","guid":{"rendered":"https:\/\/www.maslakbaski.com\/?post_type=product&#038;p=2369"},"modified":"2023-03-29T19:07:18","modified_gmt":"2023-03-29T19:07:18","slug":"sivama-kartvisit","status":"publish","type":"product","link":"http:\/\/www.maslakbaski.com\/index.php\/urun\/sivama-kartvisit\/","title":{"rendered":"S\u0131vama Kartvizit"},"content":{"rendered":"<p>Tasar\u0131m\u0131n yan\u0131 s\u0131ra, s\u0131vama kartvizitlerde kullan\u0131lan renklerin de \u00f6nemi b\u00fcy\u00fckt\u00fcr. Renkler, firman\u0131n ya da ki\u015finin kurumsal kimli\u011fine uygun olmal\u0131d\u0131r. Ayr\u0131ca, renklerin do\u011fru kullan\u0131m\u0131, kartvizitin ak\u0131lda kal\u0131c\u0131l\u0131\u011f\u0131n\u0131 artt\u0131r\u0131r. S\u0131vama kartvizitlerde kullan\u0131lan yaz\u0131 karakterleri de \u00f6nemlidir. Okunakl\u0131 ve anla\u015f\u0131l\u0131r yaz\u0131 karakterleri tercih edilmelidir. \u0130leti\u015fim bilgilerinin okunmas\u0131 zor olan kartvizitler, amac\u0131na ula\u015famaz. Son olarak, s\u0131vama kartvizitlerde kullan\u0131lacak resimler ya da grafiklerin kalitesi de \u00f6nemlidir. Y\u00fcksek \u00e7\u00f6z\u00fcn\u00fcrl\u00fckteki resimler, kartvizitin kalitesini artt\u0131r\u0131r ve daha profesyonel bir g\u00f6r\u00fcn\u00fcm sa\u011flar.<\/p>\n<p>T\u00fcm bu detaylara dikkat ederek haz\u0131rlanan s\u0131vama kartvizitler, ki\u015finin ya da firman\u0131n imaj\u0131n\u0131 yans\u0131t\u0131rken, ayn\u0131 zamanda kaliteli bir bask\u0131ya sahip olmas\u0131 sebebiyle de uzun s\u00fcre kullan\u0131labilir.<\/p>\n","protected":false},"excerpt":{"rendered":"<p>Tasar\u0131m\u0131n yan\u0131 s\u0131ra, s\u0131vama kartvizitlerde kullan\u0131lan renklerin de \u00f6nemi b\u00fcy\u00fckt\u00fcr. Renkler, firman\u0131n ya da ki\u015finin kurumsal kimli\u011fine uygun olmal\u0131d\u0131r. Ayr\u0131ca, renklerin do\u011fru kullan\u0131m\u0131, kartvizitin ak\u0131lda kal\u0131c\u0131l\u0131\u011f\u0131n\u0131 artt\u0131r\u0131r. S\u0131vama kartvizitlerde kullan\u0131lan yaz\u0131 karakterleri de \u00f6nemlidir. Okunakl\u0131 ve anla\u015f\u0131l\u0131r yaz\u0131 karakterleri tercih edilmelidir. \u0130leti\u015fim bilgilerinin okunmas\u0131 zor olan kartvizitler, amac\u0131na ula\u015famaz. Son olarak, s\u0131vama kartvizitlerde kullan\u0131lacak resimler &hellip;<\/p>\n<p class=\"read-more\"> <a class=\"\" href=\"http:\/\/www.maslakbaski.com\/index.php\/urun\/sivama-kartvisit\/\"> <span class=\"screen-reader-text\">S\u0131vama Kartvizit<\/span> Read More &raquo;<\/a><\/p>\n","protected":false},"featured_media":2371,"template":"","meta":{"om_disable_all_campaigns":false,"_mi_skip_tracking":false,"site-sidebar-layout":"default","site-content-layout":"default","ast-global-header-display":"","ast-main-header-display":"","ast-hfb-above-header-display":"","ast-hfb-below-header-display":"","ast-hfb-mobile-header-display":"","site-post-title":"","ast-breadcrumbs-content":"","ast-featured-img":"","footer-sml-layout":"","theme-transparent-header-meta":"default","adv-header-id-meta":"","stick-header-meta":"","header-above-stick-meta":"","header-main-stick-meta":"","header-below-stick-meta":""},"product_cat":[15,33],"product_tag":[],"aioseo_notices":[],"_links":{"self":[{"href":"http:\/\/www.maslakbaski.com\/index.php\/wp-json\/wp\/v3\/product\/2369"}],"collection":[{"href":"http:\/\/www.maslakbaski.com\/index.php\/wp-json\/wp\/v3\/product"}],"about":[{"href":"http:\/\/www.maslakbaski.com\/index.php\/wp-json\/wp\/v2\/types\/product"}],"wp:featuredmedia":[{"embeddable":true,"href":"http:\/\/www.maslakbaski.com\/index.php\/wp-json\/wp\/v2\/media\/2371"}],"wp:attachment":[{"href":"http:\/\/www.maslakbaski.com\/index.php\/wp-json\/wp\/v2\/media?parent=2369"}],"wp:term":[{"taxonomy":"product_cat","embeddable":true,"href":"http:\/\/www.maslakbaski.com\/index.php\/wp-json\/wp\/v2\/product_cat?post=2369"},{"taxonomy":"product_tag","embeddable":true,"href":"http:\/\/www.maslakbaski.com\/index.php\/wp-json\/wp\/v2\/product_tag?post=2369"}],"curies":[{"name":"wp","href":"https:\/\/api.w.org\/{rel}","templated":true}]}}