{"id":2220,"date":"2023-03-27T14:09:21","date_gmt":"2023-03-27T14:09:21","guid":{"rendered":"http:\/\/www.maslakbaski.com\/?post_type=product&#038;p=2220"},"modified":"2023-03-30T17:47:39","modified_gmt":"2023-03-30T17:47:39","slug":"kirimli-brosur","status":"publish","type":"product","link":"http:\/\/www.maslakbaski.com\/index.php\/urun\/kirimli-brosur\/","title":{"rendered":"K\u0131r\u0131ml\u0131 Bro\u015f\u00fcr"},"content":{"rendered":"","protected":false},"excerpt":{"rendered":"","protected":false},"featured_media":2440,"template":"","meta":{"om_disable_all_campaigns":false,"_mi_skip_tracking":false,"site-sidebar-layout":"default","site-content-layout":"default","ast-global-header-display":"","ast-main-header-display":"","ast-hfb-above-header-display":"","ast-hfb-below-header-display":"","ast-hfb-mobile-header-display":"","site-post-title":"","ast-breadcrumbs-content":"","ast-featured-img":"","footer-sml-layout":"","theme-transparent-header-meta":"default","adv-header-id-meta":"","stick-header-meta":"","header-above-stick-meta":"","header-main-stick-meta":"","header-below-stick-meta":""},"product_cat":[15,34],"product_tag":[],"aioseo_notices":[],"_links":{"self":[{"href":"http:\/\/www.maslakbaski.com\/index.php\/wp-json\/wp\/v3\/product\/2220"}],"collection":[{"href":"http:\/\/www.maslakbaski.com\/index.php\/wp-json\/wp\/v3\/product"}],"about":[{"href":"http:\/\/www.maslakbaski.com\/index.php\/wp-json\/wp\/v2\/types\/product"}],"wp:featuredmedia":[{"embeddable":true,"href":"http:\/\/www.maslakbaski.com\/index.php\/wp-json\/wp\/v2\/media\/2440"}],"wp:attachment":[{"href":"http:\/\/www.maslakbaski.com\/index.php\/wp-json\/wp\/v2\/media?parent=2220"}],"wp:term":[{"taxonomy":"product_cat","embeddable":true,"href":"http:\/\/www.maslakbaski.com\/index.php\/wp-json\/wp\/v2\/product_cat?post=2220"},{"taxonomy":"product_tag","embeddable":true,"href":"http:\/\/www.maslakbaski.com\/index.php\/wp-json\/wp\/v2\/product_tag?post=2220"}],"curies":[{"name":"wp","href":"https:\/\/api.w.org\/{rel}","templated":true}]}}