{"id":2198,"date":"2023-03-27T13:55:23","date_gmt":"2023-03-27T13:55:23","guid":{"rendered":"http:\/\/www.maslakbaski.com\/?post_type=product&#038;p=2198"},"modified":"2023-03-30T14:08:40","modified_gmt":"2023-03-30T14:08:40","slug":"folyo-sticker","status":"publish","type":"product","link":"http:\/\/www.maslakbaski.com\/index.php\/urun\/folyo-sticker\/","title":{"rendered":"Folyo Sticker"},"content":{"rendered":"<p>Folyo bask\u0131lar, opak ya da \u015feffaf malzemeden \u00fcretilir ve parlak bir g\u00f6r\u00fcn\u00fcme sahiptir. Ayr\u0131ca d\u0131\u015f mekan \u015fartlar\u0131na dayan\u0131kl\u0131d\u0131r ve uzun s\u00fcreli vitrin reklamlar\u0131 i\u00e7in idealdir. Bu folyo bask\u0131lar, t\u00fcm d\u0131\u015f mekan d\u00fcz y\u00fczey kaplamalar\u0131 i\u00e7in kullan\u0131labilir.<\/p>\n","protected":false},"excerpt":{"rendered":"<p>Folyo bask\u0131lar, opak ya da \u015feffaf malzemeden \u00fcretilir ve parlak bir g\u00f6r\u00fcn\u00fcme sahiptir. Ayr\u0131ca d\u0131\u015f mekan \u015fartlar\u0131na dayan\u0131kl\u0131d\u0131r ve uzun s\u00fcreli vitrin reklamlar\u0131 i\u00e7in idealdir. Bu folyo bask\u0131lar, t\u00fcm d\u0131\u015f mekan d\u00fcz y\u00fczey kaplamalar\u0131 i\u00e7in kullan\u0131labilir.<\/p>\n","protected":false},"featured_media":2467,"template":"","meta":{"om_disable_all_campaigns":false,"_mi_skip_tracking":false,"site-sidebar-layout":"default","site-content-layout":"default","ast-global-header-display":"","ast-main-header-display":"","ast-hfb-above-header-display":"","ast-hfb-below-header-display":"","ast-hfb-mobile-header-display":"","site-post-title":"","ast-breadcrumbs-content":"","ast-featured-img":"","footer-sml-layout":"","theme-transparent-header-meta":"default","adv-header-id-meta":"","stick-header-meta":"","header-above-stick-meta":"","header-main-stick-meta":"","header-below-stick-meta":""},"product_cat":[15,34],"product_tag":[],"aioseo_notices":[],"_links":{"self":[{"href":"http:\/\/www.maslakbaski.com\/index.php\/wp-json\/wp\/v3\/product\/2198"}],"collection":[{"href":"http:\/\/www.maslakbaski.com\/index.php\/wp-json\/wp\/v3\/product"}],"about":[{"href":"http:\/\/www.maslakbaski.com\/index.php\/wp-json\/wp\/v2\/types\/product"}],"wp:featuredmedia":[{"embeddable":true,"href":"http:\/\/www.maslakbaski.com\/index.php\/wp-json\/wp\/v2\/media\/2467"}],"wp:attachment":[{"href":"http:\/\/www.maslakbaski.com\/index.php\/wp-json\/wp\/v2\/media?parent=2198"}],"wp:term":[{"taxonomy":"product_cat","embeddable":true,"href":"http:\/\/www.maslakbaski.com\/index.php\/wp-json\/wp\/v2\/product_cat?post=2198"},{"taxonomy":"product_tag","embeddable":true,"href":"http:\/\/www.maslakbaski.com\/index.php\/wp-json\/wp\/v2\/product_tag?post=2198"}],"curies":[{"name":"wp","href":"https:\/\/api.w.org\/{rel}","templated":true}]}}