{"id":1084,"date":"2019-01-23T06:31:53","date_gmt":"2019-01-23T06:31:53","guid":{"rendered":"http:\/\/www.maslakbaski.com\/index.php\/store\/"},"modified":"2023-03-13T19:16:58","modified_gmt":"2023-03-13T19:16:58","slug":"store","status":"publish","type":"page","link":"http:\/\/www.maslakbaski.com\/index.php\/store\/","title":{"rendered":"Store"},"content":{"rendered":"\t\t<div data-elementor-type=\"wp-post\" data-elementor-id=\"1084\" class=\"elementor elementor-1084\">\n\t\t\t\t\t\t\t\t\t<section class=\"elementor-section elementor-top-section elementor-element elementor-element-caa47fa elementor-section-content-middle elementor-section-boxed elementor-section-height-default elementor-section-height-default wpr-particle-no wpr-jarallax-no wpr-parallax-no wpr-sticky-section-no\" data-id=\"caa47fa\" data-element_type=\"section\" data-settings=\"{&quot;background_background&quot;:&quot;classic&quot;}\">\n\t\t\t\t\t\t\t<div class=\"elementor-background-overlay\"><\/div>\n\t\t\t\t\t\t\t<div class=\"elementor-container elementor-column-gap-no\">\n\t\t\t\t\t<div class=\"elementor-column elementor-col-100 elementor-top-column elementor-element elementor-element-def1b4b\" data-id=\"def1b4b\" data-element_type=\"column\">\n\t\t\t<div class=\"elementor-widget-wrap elementor-element-populated\">\n\t\t\t\t\t\t\t\t<div class=\"elementor-element elementor-element-20a9f86 elementor-widget elementor-widget-heading\" data-id=\"20a9f86\" data-element_type=\"widget\" data-widget_type=\"heading.default\">\n\t\t\t\t<div class=\"elementor-widget-container\">\n\t\t\t<style>\/*! elementor - v3.12.2 - 23-04-2023 *\/\n.elementor-heading-title{padding:0;margin:0;line-height:1}.elementor-widget-heading .elementor-heading-title[class*=elementor-size-]>a{color:inherit;font-size:inherit;line-height:inherit}.elementor-widget-heading .elementor-heading-title.elementor-size-small{font-size:15px}.elementor-widget-heading .elementor-heading-title.elementor-size-medium{font-size:19px}.elementor-widget-heading .elementor-heading-title.elementor-size-large{font-size:29px}.elementor-widget-heading .elementor-heading-title.elementor-size-xl{font-size:39px}.elementor-widget-heading .elementor-heading-title.elementor-size-xxl{font-size:59px}<\/style><h1 class=\"elementor-heading-title elementor-size-default\">Ma\u011faza<\/h1>\t\t<\/div>\n\t\t\t\t<\/div>\n\t\t\t\t\t<\/div>\n\t\t<\/div>\n\t\t\t\t\t\t\t<\/div>\n\t\t<\/section>\n\t\t\t\t<section class=\"elementor-section elementor-top-section elementor-element elementor-element-13f7810 elementor-section-boxed elementor-section-height-default elementor-section-height-default wpr-particle-no wpr-jarallax-no wpr-parallax-no wpr-sticky-section-no\" data-id=\"13f7810\" data-element_type=\"section\">\n\t\t\t\t\t\t<div class=\"elementor-container elementor-column-gap-no\">\n\t\t\t\t\t<div class=\"elementor-column elementor-col-100 elementor-top-column elementor-element elementor-element-240f590\" data-id=\"240f590\" data-element_type=\"column\">\n\t\t\t<div class=\"elementor-widget-wrap elementor-element-populated\">\n\t\t\t\t\t\t\t\t<div class=\"elementor-element elementor-element-ad8e6f3 elementor-widget elementor-widget-heading\" data-id=\"ad8e6f3\" data-element_type=\"widget\" data-widget_type=\"heading.default\">\n\t\t\t\t<div class=\"elementor-widget-container\">\n\t\t\t<h2 class=\"elementor-heading-title elementor-size-default\">\u00d6ne \u00c7\u0131kan \u00dcr\u00fcnler<\/h2>\t\t<\/div>\n\t\t\t\t<\/div>\n\t\t\t\t<div class=\"elementor-element elementor-element-db6ebea elementor-widget elementor-widget-shortcode\" data-id=\"db6ebea\" data-element_type=\"widget\" data-widget_type=\"shortcode.default\">\n\t\t\t\t<div class=\"elementor-widget-container\">\n\t\t\t\t\t<div class=\"elementor-shortcode\"><div class=\"woocommerce columns-3 \"><\/div>\n<\/div>\n\t\t\t\t<\/div>\n\t\t\t\t<\/div>\n\t\t\t\t\t<\/div>\n\t\t<\/div>\n\t\t\t\t\t\t\t<\/div>\n\t\t<\/section>\n\t\t\t\t<section class=\"elementor-section elementor-top-section elementor-element elementor-element-715553e elementor-section-boxed elementor-section-height-default elementor-section-height-default wpr-particle-no wpr-jarallax-no wpr-parallax-no wpr-sticky-section-no\" data-id=\"715553e\" data-element_type=\"section\" data-settings=\"{&quot;background_background&quot;:&quot;classic&quot;}\">\n\t\t\t\t\t\t<div class=\"elementor-container elementor-column-gap-no\">\n\t\t\t\t\t<div class=\"elementor-column elementor-col-100 elementor-top-column elementor-element elementor-element-f58071b\" data-id=\"f58071b\" data-element_type=\"column\">\n\t\t\t<div class=\"elementor-widget-wrap elementor-element-populated\">\n\t\t\t\t\t\t\t\t<div class=\"elementor-element elementor-element-dd9bf6b elementor-widget elementor-widget-heading\" data-id=\"dd9bf6b\" data-element_type=\"widget\" data-widget_type=\"heading.default\">\n\t\t\t\t<div class=\"elementor-widget-container\">\n\t\t\t<h2 class=\"elementor-heading-title elementor-size-default\">Pop\u00fcler \u00dcr\u00fcnler<\/h2>\t\t<\/div>\n\t\t\t\t<\/div>\n\t\t\t\t<div class=\"elementor-element elementor-element-efc7a98 elementor-widget elementor-widget-shortcode\" data-id=\"efc7a98\" data-element_type=\"widget\" data-widget_type=\"shortcode.default\">\n\t\t\t\t<div class=\"elementor-widget-container\">\n\t\t\t\t\t<div class=\"elementor-shortcode\"><div class=\"woocommerce columns-2 \"><ul class=\"products columns-2\">\n<li class=\"desktop-align-left tablet-align-left mobile-align-left product type-product post-2160 status-publish first instock product_cat-genel product_cat-ic-dis-mekan-reklam has-post-thumbnail shipping-taxable product-type-simple\">\n\t<\/li>\n<li class=\"desktop-align-left tablet-align-left mobile-align-left product type-product post-2474 status-publish last instock product_cat-genel product_cat-katalog-dergi has-post-thumbnail shipping-taxable product-type-simple\">\n\t<\/li>\n<li class=\"desktop-align-left tablet-align-left mobile-align-left product type-product post-2186 status-publish first instock product_cat-genel product_cat-kurumsal has-post-thumbnail shipping-taxable product-type-simple\">\n\t<\/li>\n<li class=\"desktop-align-left tablet-align-left mobile-align-left product type-product post-2106 status-publish last instock product_cat-genel product_cat-kurumsal product_cat-promosyon has-post-thumbnail shipping-taxable product-type-simple\">\n\t<\/li>\n<li class=\"desktop-align-left tablet-align-left mobile-align-left product type-product post-2117 status-publish first instock product_cat-genel product_cat-kurumsal has-post-thumbnail shipping-taxable product-type-simple\">\n\t<\/li>\n<li class=\"desktop-align-left tablet-align-left mobile-align-left product type-product post-2163 status-publish last instock product_cat-genel product_cat-ic-dis-mekan-reklam has-post-thumbnail shipping-taxable product-type-simple\">\n\t<\/li>\n<li class=\"desktop-align-left tablet-align-left mobile-align-left product type-product post-2188 status-publish first instock product_cat-genel product_cat-katalog-dergi product_cat-kurumsal has-post-thumbnail shipping-taxable product-type-simple\">\n\t<\/li>\n<li class=\"desktop-align-left tablet-align-left mobile-align-left product type-product post-2191 status-publish last instock product_cat-genel product_cat-kurumsal has-post-thumbnail shipping-taxable product-type-simple\">\n\t<\/li>\n<li class=\"desktop-align-left tablet-align-left mobile-align-left product type-product post-2131 status-publish first instock product_cat-genel product_cat-promosyon has-post-thumbnail shipping-taxable product-type-simple\">\n\t<\/li>\n<li class=\"desktop-align-left tablet-align-left mobile-align-left product type-product post-2165 status-publish last instock product_cat-genel product_cat-ic-dis-mekan-reklam has-post-thumbnail shipping-taxable product-type-simple\">\n\t<\/li>\n<li class=\"desktop-align-left tablet-align-left mobile-align-left product type-product post-2167 status-publish first instock product_cat-genel product_cat-ic-dis-mekan-reklam has-post-thumbnail shipping-taxable product-type-simple\">\n\t<\/li>\n<li class=\"desktop-align-left tablet-align-left mobile-align-left product type-product post-2194 status-publish last instock product_cat-katalog-dergi product_cat-kurumsal has-post-thumbnail shipping-taxable product-type-simple\">\n\t<\/li>\n<li class=\"desktop-align-left tablet-align-left mobile-align-left product type-product post-2198 status-publish first instock product_cat-genel product_cat-kurumsal has-post-thumbnail shipping-taxable product-type-simple\">\n\t<\/li>\n<li class=\"desktop-align-left tablet-align-left mobile-align-left product type-product post-2169 status-publish last instock product_cat-genel product_cat-ic-dis-mekan-reklam product_cat-promosyon has-post-thumbnail shipping-taxable product-type-simple\">\n\t<\/li>\n<li class=\"desktop-align-left tablet-align-left mobile-align-left product type-product post-2175 status-publish first instock product_cat-genel product_cat-ic-dis-mekan-reklam has-post-thumbnail shipping-taxable product-type-simple\">\n\t<\/li>\n<li class=\"desktop-align-left tablet-align-left mobile-align-left product type-product post-2203 status-publish last instock product_cat-genel product_cat-katalog-dergi has-post-thumbnail shipping-taxable product-type-simple\">\n\t<\/li>\n<li class=\"desktop-align-left tablet-align-left mobile-align-left product type-product post-2135 status-publish first instock product_cat-genel product_cat-promosyon has-post-thumbnail shipping-taxable product-type-simple\">\n\t<\/li>\n<li class=\"desktop-align-left tablet-align-left mobile-align-left product type-product post-2138 status-publish last instock product_cat-genel product_cat-promosyon has-post-thumbnail shipping-taxable product-type-simple\">\n\t<\/li>\n<li class=\"desktop-align-left tablet-align-left mobile-align-left product type-product post-2215 status-publish first instock product_cat-genel product_cat-kurumsal has-post-thumbnail shipping-taxable product-type-simple\">\n\t<\/li>\n<li class=\"desktop-align-left tablet-align-left mobile-align-left product type-product post-2454 status-publish last instock product_cat-genel product_cat-promosyon has-post-thumbnail shipping-taxable product-type-simple\">\n\t<\/li>\n<li class=\"desktop-align-left tablet-align-left mobile-align-left product type-product post-2220 status-publish first instock product_cat-genel product_cat-kurumsal has-post-thumbnail shipping-taxable product-type-simple\">\n\t<\/li>\n<li class=\"desktop-align-left tablet-align-left mobile-align-left product type-product post-2362 status-publish last instock product_cat-genel product_cat-kartvizit has-post-thumbnail shipping-taxable product-type-simple\">\n\t<\/li>\n<li class=\"desktop-align-left tablet-align-left mobile-align-left product type-product post-2045 status-publish first instock product_cat-genel product_cat-promosyon has-post-thumbnail shipping-taxable product-type-simple\">\n\t<\/li>\n<li class=\"desktop-align-left tablet-align-left mobile-align-left product type-product post-2536 status-publish last instock product_cat-genel product_cat-vesikalik has-post-thumbnail shipping-taxable product-type-simple\">\n\t<\/li>\n<li class=\"desktop-align-left tablet-align-left mobile-align-left product type-product post-2380 status-publish first instock product_cat-genel product_cat-menu-restorancafe has-post-thumbnail shipping-taxable product-type-simple\">\n\t<\/li>\n<li class=\"desktop-align-left tablet-align-left mobile-align-left product type-product post-2222 status-publish last instock product_cat-genel product_cat-kurumsal has-post-thumbnail shipping-taxable product-type-simple\">\n\t<\/li>\n<li class=\"desktop-align-left tablet-align-left mobile-align-left product type-product post-2179 status-publish first instock product_cat-genel product_cat-ic-dis-mekan-reklam has-post-thumbnail shipping-taxable product-type-simple\">\n\t<\/li>\n<li class=\"desktop-align-left tablet-align-left mobile-align-left product type-product post-2367 status-publish last instock product_cat-genel product_cat-kartvizit has-post-thumbnail shipping-taxable product-type-simple\">\n\t<\/li>\n<li class=\"desktop-align-left tablet-align-left mobile-align-left product type-product post-2148 status-publish first instock product_cat-genel product_cat-kurumsal has-post-thumbnail shipping-taxable product-type-simple\">\n\t<\/li>\n<li class=\"desktop-align-left tablet-align-left mobile-align-left product type-product post-2363 status-publish last instock product_cat-genel product_cat-kartvizit has-post-thumbnail shipping-taxable product-type-simple\">\n\t<\/li>\n<li class=\"desktop-align-left tablet-align-left mobile-align-left product type-product post-2146 status-publish first instock product_cat-genel product_cat-menu-restorancafe has-post-thumbnail shipping-taxable product-type-simple\">\n\t<\/li>\n<li class=\"desktop-align-left tablet-align-left mobile-align-left product type-product post-2375 status-publish last instock product_cat-genel product_cat-menu-restorancafe has-post-thumbnail shipping-taxable product-type-simple\">\n\t<\/li>\n<li class=\"desktop-align-left tablet-align-left mobile-align-left product type-product post-2150 status-publish first instock product_cat-genel product_cat-kurumsal product_cat-promosyon has-post-thumbnail shipping-taxable product-type-simple\">\n\t<\/li>\n<li class=\"desktop-align-left tablet-align-left mobile-align-left product type-product post-2181 status-publish last instock product_cat-genel product_cat-ic-dis-mekan-reklam has-post-thumbnail shipping-taxable product-type-simple\">\n\t<\/li>\n<li class=\"desktop-align-left tablet-align-left mobile-align-left product type-product post-2152 status-publish first instock product_cat-genel product_cat-promosyon has-post-thumbnail shipping-taxable product-type-simple\">\n\t<\/li>\n<li class=\"desktop-align-left tablet-align-left mobile-align-left product type-product post-2372 status-publish last instock product_cat-genel product_cat-menu-restorancafe has-post-thumbnail shipping-taxable product-type-simple\">\n\t<\/li>\n<li class=\"desktop-align-left tablet-align-left mobile-align-left product type-product post-2183 status-publish first instock product_cat-genel product_cat-ic-dis-mekan-reklam has-post-thumbnail shipping-taxable product-type-simple\">\n\t<\/li>\n<li class=\"desktop-align-left tablet-align-left mobile-align-left product type-product post-2224 status-publish last instock product_cat-genel product_cat-kurumsal has-post-thumbnail shipping-taxable product-type-simple\">\n\t<\/li>\n<li class=\"desktop-align-left tablet-align-left mobile-align-left product type-product post-2158 status-publish first instock product_cat-genel product_cat-kurumsal has-post-thumbnail shipping-taxable product-type-simple\">\n\t<\/li>\n<li class=\"desktop-align-left tablet-align-left mobile-align-left product type-product post-2369 status-publish last instock product_cat-genel product_cat-kartvizit has-post-thumbnail shipping-taxable product-type-simple\">\n\t<\/li>\n<li class=\"desktop-align-left tablet-align-left mobile-align-left product type-product post-2481 status-publish first instock product_cat-genel product_cat-menu-restorancafe has-post-thumbnail shipping-taxable product-type-simple\">\n\t<\/li>\n<li class=\"desktop-align-left tablet-align-left mobile-align-left product type-product post-2398 status-publish last instock product_cat-genel product_cat-menu-restorancafe has-post-thumbnail shipping-taxable product-type-simple\">\n\t<\/li>\n<li class=\"desktop-align-left tablet-align-left mobile-align-left product type-product post-2470 status-publish first instock product_cat-genel product_cat-katalog-dergi has-post-thumbnail shipping-taxable product-type-simple\">\n\t<\/li>\n<li class=\"desktop-align-left tablet-align-left mobile-align-left product type-product post-2393 status-publish last instock product_cat-genel product_cat-menu-restorancafe has-post-thumbnail shipping-taxable product-type-simple\">\n\t<\/li>\n<li class=\"desktop-align-left tablet-align-left mobile-align-left product type-product post-2207 status-publish first instock product_cat-genel product_cat-kartvizit has-post-thumbnail shipping-taxable product-type-simple\">\n\t<\/li>\n<li class=\"desktop-align-left tablet-align-left mobile-align-left product type-product post-2479 status-publish last instock product_cat-genel product_cat-katalog-dergi has-post-thumbnail shipping-taxable product-type-simple\">\n\t<\/li>\n<li class=\"desktop-align-left tablet-align-left mobile-align-left product type-product post-2396 status-publish first instock product_cat-genel product_cat-menu-restorancafe has-post-thumbnail shipping-taxable product-type-simple\">\n\t<\/li>\n<li class=\"desktop-align-left tablet-align-left mobile-align-left product type-product post-2448 status-publish last instock product_cat-genel product_cat-promosyon has-post-thumbnail shipping-taxable product-type-simple\">\n\t<\/li>\n<li class=\"desktop-align-left tablet-align-left mobile-align-left product type-product post-2227 status-publish first instock product_cat-genel product_cat-kurumsal has-post-thumbnail shipping-taxable product-type-simple\">\n\t<\/li>\n<\/ul>\n<\/div><\/div>\n\t\t\t\t<\/div>\n\t\t\t\t<\/div>\n\t\t\t\t\t<\/div>\n\t\t<\/div>\n\t\t\t\t\t\t\t<\/div>\n\t\t<\/section>\n\t\t\t\t<section class=\"elementor-section elementor-top-section elementor-element elementor-element-f1cac77 elementor-section-boxed elementor-section-height-default elementor-section-height-default wpr-particle-no wpr-jarallax-no wpr-parallax-no wpr-sticky-section-no\" data-id=\"f1cac77\" data-element_type=\"section\">\n\t\t\t\t\t\t<div class=\"elementor-container elementor-column-gap-no\">\n\t\t\t\t\t<div class=\"elementor-column elementor-col-33 elementor-top-column elementor-element elementor-element-432bd22\" data-id=\"432bd22\" data-element_type=\"column\">\n\t\t\t<div class=\"elementor-widget-wrap elementor-element-populated\">\n\t\t\t\t\t\t\t\t<div class=\"elementor-element elementor-element-e642cca elementor-widget elementor-widget-heading\" data-id=\"e642cca\" data-element_type=\"widget\" data-widget_type=\"heading.default\">\n\t\t\t\t<div class=\"elementor-widget-container\">\n\t\t\t<h3 class=\"elementor-heading-title elementor-size-default\">Do\u011fru \u00fcr\u00fcnleri se\u00e7mek i\u00e7in yard\u0131ma m\u0131 ihtiyac\u0131n\u0131z var<\/h3>\t\t<\/div>\n\t\t\t\t<\/div>\n\t\t\t\t<div class=\"elementor-element elementor-element-4316fdc elementor-widget elementor-widget-button\" data-id=\"4316fdc\" data-element_type=\"widget\" data-widget_type=\"button.default\">\n\t\t\t\t<div class=\"elementor-widget-container\">\n\t\t\t\t\t<div class=\"elementor-button-wrapper\">\n\t\t\t<a href=\"https:\/\/www.maslakbaski.com\/index.php\/contact-us\/\" class=\"elementor-button-link elementor-button elementor-size-sm\" role=\"button\">\n\t\t\t\t\t\t<span class=\"elementor-button-content-wrapper\">\n\t\t\t\t\t\t\t<span class=\"elementor-button-icon elementor-align-icon-left\">\n\t\t\t\t<i aria-hidden=\"true\" class=\"fas fa-phone\"><\/i>\t\t\t<\/span>\n\t\t\t\t\t\t<span class=\"elementor-button-text\">Bizi Aray\u0131n<\/span>\n\t\t<\/span>\n\t\t\t\t\t<\/a>\n\t\t<\/div>\n\t\t\t\t<\/div>\n\t\t\t\t<\/div>\n\t\t\t\t\t<\/div>\n\t\t<\/div>\n\t\t\t\t<div class=\"elementor-column elementor-col-66 elementor-top-column elementor-element elementor-element-d19dbae\" data-id=\"d19dbae\" data-element_type=\"column\">\n\t\t\t<div class=\"elementor-widget-wrap elementor-element-populated\">\n\t\t\t\t\t\t\t\t<div class=\"elementor-element elementor-element-faf6c4d elementor-widget elementor-widget-text-editor\" data-id=\"faf6c4d\" data-element_type=\"widget\" data-widget_type=\"text-editor.default\">\n\t\t\t\t<div class=\"elementor-widget-container\">\n\t\t\t<style>\/*! elementor - v3.12.2 - 23-04-2023 *\/\n.elementor-widget-text-editor.elementor-drop-cap-view-stacked .elementor-drop-cap{background-color:#69727d;color:#fff}.elementor-widget-text-editor.elementor-drop-cap-view-framed .elementor-drop-cap{color:#69727d;border:3px solid;background-color:transparent}.elementor-widget-text-editor:not(.elementor-drop-cap-view-default) .elementor-drop-cap{margin-top:8px}.elementor-widget-text-editor:not(.elementor-drop-cap-view-default) .elementor-drop-cap-letter{width:1em;height:1em}.elementor-widget-text-editor .elementor-drop-cap{float:left;text-align:center;line-height:1;font-size:50px}.elementor-widget-text-editor .elementor-drop-cap-letter{display:inline-block}<\/style>\t\t\t\t<p>Do\u011fru \u00fcr\u00fcnleri se\u00e7mek bazen zor bir i\u015f olabilir. Bu nedenle, size do\u011fru \u00fcr\u00fcnleri se\u00e7menizde yard\u0131mc\u0131 olmak i\u00e7in buraday\u0131z! \u00dcr\u00fcnlerimizin her biri \u00f6zenle se\u00e7ilmi\u015f ve kalite standartlar\u0131m\u0131za uygun olarak \u00fcretilmi\u015ftir.<\/p><p>E\u011fer do\u011fru \u00fcr\u00fcnleri se\u00e7mek konusunda yard\u0131ma ihtiyac\u0131n\u0131z varsa, bizimle ileti\u015fime ge\u00e7mekten \u00e7ekinmeyin. Size ihtiya\u00e7lar\u0131n\u0131za en uygun \u00fcr\u00fcnleri se\u00e7meniz konusunda yard\u0131mc\u0131 olmak i\u00e7in deneyimli ve uzman ekibimiz haz\u0131r bekliyor.<\/p>\t\t\t\t\t\t<\/div>\n\t\t\t\t<\/div>\n\t\t\t\t\t<\/div>\n\t\t<\/div>\n\t\t\t\t\t\t\t<\/div>\n\t\t<\/section>\n\t\t\t\t\t\t\t<\/div>\n\t\t","protected":false},"excerpt":{"rendered":"<p>Ma\u011faza \u00d6ne \u00c7\u0131kan \u00dcr\u00fcnler Pop\u00fcler \u00dcr\u00fcnler Do\u011fru \u00fcr\u00fcnleri se\u00e7mek i\u00e7in yard\u0131ma m\u0131 ihtiyac\u0131n\u0131z var Bizi Aray\u0131n Do\u011fru \u00fcr\u00fcnleri se\u00e7mek bazen zor bir i\u015f olabilir. Bu nedenle, size do\u011fru \u00fcr\u00fcnleri se\u00e7menizde yard\u0131mc\u0131 olmak i\u00e7in buraday\u0131z! \u00dcr\u00fcnlerimizin her biri \u00f6zenle se\u00e7ilmi\u015f ve kalite standartlar\u0131m\u0131za uygun olarak \u00fcretilmi\u015ftir. E\u011fer do\u011fru \u00fcr\u00fcnleri se\u00e7mek konusunda yard\u0131ma ihtiyac\u0131n\u0131z varsa, bizimle ileti\u015fime &hellip;<\/p>\n<p class=\"read-more\"> <a class=\"\" href=\"http:\/\/www.maslakbaski.com\/index.php\/store\/\"> <span class=\"screen-reader-text\">Store<\/span> Read More &raquo;<\/a><\/p>\n","protected":false},"author":1,"featured_media":0,"parent":0,"menu_order":0,"comment_status":"closed","ping_status":"closed","template":"","meta":{"om_disable_all_campaigns":false,"_mi_skip_tracking":false,"site-sidebar-layout":"no-sidebar","site-content-layout":"page-builder","ast-global-header-display":"","ast-main-header-display":"","ast-hfb-above-header-display":"","ast-hfb-below-header-display":"","ast-hfb-mobile-header-display":"","site-post-title":"disabled","ast-breadcrumbs-content":"","ast-featured-img":"","footer-sml-layout":"","theme-transparent-header-meta":"enabled","adv-header-id-meta":"","stick-header-meta":"","header-above-stick-meta":"","header-main-stick-meta":"","header-below-stick-meta":""},"aioseo_notices":[],"_links":{"self":[{"href":"http:\/\/www.maslakbaski.com\/index.php\/wp-json\/wp\/v2\/pages\/1084"}],"collection":[{"href":"http:\/\/www.maslakbaski.com\/index.php\/wp-json\/wp\/v2\/pages"}],"about":[{"href":"http:\/\/www.maslakbaski.com\/index.php\/wp-json\/wp\/v2\/types\/page"}],"author":[{"embeddable":true,"href":"http:\/\/www.maslakbaski.com\/index.php\/wp-json\/wp\/v2\/users\/1"}],"replies":[{"embeddable":true,"href":"http:\/\/www.maslakbaski.com\/index.php\/wp-json\/wp\/v2\/comments?post=1084"}],"version-history":[{"count":0,"href":"http:\/\/www.maslakbaski.com\/index.php\/wp-json\/wp\/v2\/pages\/1084\/revisions"}],"wp:attachment":[{"href":"http:\/\/www.maslakbaski.com\/index.php\/wp-json\/wp\/v2\/media?parent=1084"}],"curies":[{"name":"wp","href":"https:\/\/api.w.org\/{rel}","templated":true}]}}